{"id":3792,"date":"2021-03-03T14:27:14","date_gmt":"2021-03-03T14:27:14","guid":{"rendered":"https:\/\/prado.legal\/?page_id=3792"},"modified":"2021-03-03T14:27:14","modified_gmt":"2021-03-03T14:27:14","slug":"ueber-uns","status":"publish","type":"page","link":"https:\/\/prado.legal\/de\/ueber-uns\/","title":{"rendered":"\u00dcber uns"},"content":{"rendered":"<section class=\"l-section wpb_row height_medium\"><div class=\"l-section-h i-cf\"><div class=\"g-cols vc_row via_flex valign_top type_default stacking_default\"><div class=\"vc_col-sm-6 wpb_column vc_column_container\"><div class=\"vc_column-inner\"><div class=\"wpb_wrapper\"><div class=\"g-cols wpb_row us_custom_3f72371e via_flex valign_top type_default stacking_default\"><div class=\"vc_col-sm-12 wpb_column vc_column_container\"><div class=\"vc_column-inner\"><div class=\"wpb_wrapper\"><div class=\"wpb_text_column us_custom_abf39395 has_text_color\"><div class=\"wpb_wrapper\"><h4>\u00dcber uns?<\/h4>\n<\/div><\/div><div class=\"w-separator size_small\"><\/div><div class=\"wpb_text_column us_custom_159d132a has_text_color\"><div class=\"wpb_wrapper\"><h2><strong>Das B\u00fcro<\/strong><\/h2>\n<\/div><\/div><\/div><\/div><\/div><\/div><div class=\"w-separator size_medium\"><\/div><div class=\"wpb_text_column\"><div class=\"wpb_wrapper\"><p>Prado Legal ist eine Anwaltskanzlei, die von Rechtsexperten mit mehr als zehn Jahren Erfahrung in der Beratung von Unternehmen und Privatpersonen gegr\u00fcndet wurde.<\/p>\n<p>Bei Prado Legal k\u00f6nnen Sie jede Rechtsangelegenheit delegieren, mit der Gewissheit, dass Sie den Rat von Rechtsspezialisten mit umfassender Erfahrung und Professionalit\u00e4t sowohl in Rechtsfragen als auch im Kundenservice in Anspruch nehmen k\u00f6nnen<\/p>\n<\/div><\/div><div class=\"w-separator size_medium\"><\/div><div class=\"w-btn-wrapper align_none\"><a class=\"w-btn us-btn-style_1\" href=\"\/de\/kontakt\"><span class=\"w-btn-label\">Kontakt<\/span><\/a><\/div><\/div><\/div><\/div><div class=\"vc_col-sm-6 wpb_column vc_column_container\"><div class=\"vc_column-inner\"><div class=\"wpb_wrapper\"><div class=\"w-image align_none\"><div class=\"w-image-h\"><img loading=\"lazy\" decoding=\"async\" width=\"1024\" height=\"684\" src=\"https:\/\/prado.legal\/wp-content\/uploads\/2020\/01\/web_trent-erwin-UgA3Xvi3SkA-unsplash-1024x684.jpg\" class=\"attachment-large size-large\" alt=\"\" srcset=\"https:\/\/prado.legal\/wp-content\/uploads\/2020\/01\/web_trent-erwin-UgA3Xvi3SkA-unsplash-1024x684.jpg 1024w, https:\/\/prado.legal\/wp-content\/uploads\/2020\/01\/web_trent-erwin-UgA3Xvi3SkA-unsplash-300x201.jpg 300w, https:\/\/prado.legal\/wp-content\/uploads\/2020\/01\/web_trent-erwin-UgA3Xvi3SkA-unsplash-768x513.jpg 768w, https:\/\/prado.legal\/wp-content\/uploads\/2020\/01\/web_trent-erwin-UgA3Xvi3SkA-unsplash-100x67.jpg 100w, https:\/\/prado.legal\/wp-content\/uploads\/2020\/01\/web_trent-erwin-UgA3Xvi3SkA-unsplash.jpg 1200w\" sizes=\"(max-width: 1024px) 100vw, 1024px\" \/><\/div><\/div><\/div><\/div><\/div><\/div><\/div><\/section><section class=\"l-section wpb_row us_custom_8d45c27c height_medium\"><div class=\"l-section-h i-cf\"><div class=\"g-cols vc_row via_flex valign_top type_default stacking_default\"><div class=\"vc_col-sm-3 wpb_column vc_column_container\"><div class=\"vc_column-inner\"><div class=\"vc_column-overlay\" style=\"background:var(--color-content-faded)\"><\/div><div class=\"wpb_wrapper\"><div class=\"w-separator size_medium\"><\/div><div class=\"w-iconbox us_custom_6df4bc3a has_text_color iconpos_top style_default color_custom align_center no_text\"><div class=\"w-iconbox-icon\" style=\"font-size:30px;--icon-color:#ffffff;\"><i class=\"far fa-calendar-alt\"><\/i><\/div><div class=\"w-iconbox-meta\"><h5 class=\"w-iconbox-title\">Mehr als 10 Jahre Erfahrung<\/h5><\/div><\/div><div class=\"w-separator size_medium\"><\/div><\/div><\/div><\/div><div class=\"vc_col-sm-3 wpb_column vc_column_container\"><div class=\"vc_column-inner\"><div class=\"vc_column-overlay\" style=\"background:var(--color-content-primary)\"><\/div><div class=\"wpb_wrapper\"><div class=\"w-separator size_medium\"><\/div><div class=\"w-iconbox us_custom_6df4bc3a has_text_color iconpos_top style_default color_custom align_center no_text\"><div class=\"w-iconbox-icon\" style=\"font-size:30px;--icon-color:#ffffff;\"><i class=\"far fa-certificate\"><\/i><\/div><div class=\"w-iconbox-meta\"><h5 class=\"w-iconbox-title\">Wir sind professionelle Spezialisten<\/h5><\/div><\/div><div class=\"w-separator size_medium\"><\/div><\/div><\/div><\/div><div class=\"vc_col-sm-3 wpb_column vc_column_container\"><div class=\"vc_column-inner\"><div class=\"vc_column-overlay\" style=\"background:#375234\"><\/div><div class=\"wpb_wrapper\"><div class=\"w-separator size_medium\"><\/div><div class=\"w-iconbox us_custom_6df4bc3a has_text_color iconpos_top style_default color_custom align_center no_text\"><div class=\"w-iconbox-icon\" style=\"font-size:30px;--icon-color:#ffffff;\"><i class=\"far fa-university\"><\/i><\/div><div class=\"w-iconbox-meta\"><h5 class=\"w-iconbox-title\">Wir k\u00fcmmern uns um alle rechtlichen Angelegenheiten<\/h5><\/div><\/div><div class=\"w-separator size_medium\"><\/div><\/div><\/div><\/div><div class=\"vc_col-sm-3 wpb_column vc_column_container\"><div class=\"vc_column-inner\"><div class=\"vc_column-overlay\" style=\"background:#182333\"><\/div><div class=\"wpb_wrapper\"><div class=\"w-separator size_medium\"><\/div><div class=\"w-iconbox us_custom_6df4bc3a has_text_color iconpos_top style_default color_custom align_center no_text\"><div class=\"w-iconbox-icon\" style=\"font-size:30px;--icon-color:#ffffff;\"><i class=\"far fa-books\"><\/i><\/div><div class=\"w-iconbox-meta\"><h5 class=\"w-iconbox-title\">Beratung in verschiedenen Disziplinen<\/h5><\/div><\/div><div class=\"w-separator size_medium\"><\/div><\/div><\/div><\/div><div class=\"vc_col-sm-12 wpb_column vc_column_container has_bg_color\"><div class=\"vc_column-inner us_custom_0925eb99\"><div class=\"wpb_wrapper\"><div class=\"w-separator size_custom\" style=\"height:350px\"><\/div><\/div><\/div><\/div><\/div><\/div><\/section><section class=\"l-section wpb_row us_custom_f029a2ba height_medium\"><div class=\"l-section-h i-cf\"><div class=\"g-cols vc_row via_flex valign_top type_default stacking_default\"><div class=\"vc_col-sm-6 wpb_column vc_column_container\"><div class=\"vc_column-inner\"><div class=\"wpb_wrapper\"><div class=\"wpb_text_column\"><div class=\"wpb_wrapper\"><p>Wir verf\u00fcgen \u00fcber Spezialisten mit Erfahrung in mehreren Disziplinen und k\u00f6nnen Sie in den komplexesten und heikelsten Angelegenheiten ganzheitlich beraten.<\/p>\n<p>Wir behandeln haupts\u00e4chlich internationale Angelegenheiten, sowohl von ausl\u00e4ndischen Interessen in Spanien, als auch transnationale Fragen des Auslandsaufenthalts.<\/p>\n<p>Wir sind auf Immobilienangelegenheiten auf dem spanischen Markt spezialisiert. Wir beraten Sie bestens, damit Sie in Spanien sorgenfrei und mit gr\u00f6\u00dfter Sicherheit eine Liegenschaft kaufen k\u00f6nnen.<\/p>\n<\/div><\/div><div class=\"w-separator size_small with_line width_default thick_1 style_solid color_border align_center with_content\"><div class=\"w-separator-h\"><i class=\"fal fa-certificate\"><\/i><\/div><\/div><div class=\"wpb_text_column\"><div class=\"wpb_wrapper\"><p>Wir sind spanische Rechtsanw\u00e4lte mit Sprachkenntnissen, aber nicht ausl\u00e4ndische Rechtsanw\u00e4lte mit Spanischkenntnissen.<\/p>\n<\/div><\/div><div class=\"w-separator size_small\"><\/div><div class=\"wpb_text_column\"><div class=\"wpb_wrapper\"><p>Wir glauben, dass der beste Beratung von erfahrenen Experten des spanischen Rechts kommt.<\/p>\n<\/div><\/div><\/div><\/div><\/div><div class=\"vc_col-sm-6 wpb_column vc_column_container\"><div class=\"vc_column-inner\"><div class=\"wpb_wrapper\"><div class=\"w-image align_none\"><div class=\"w-image-h\"><img loading=\"lazy\" decoding=\"async\" width=\"1024\" height=\"681\" src=\"https:\/\/prado.legal\/wp-content\/uploads\/2020\/10\/web_pexels-pixabay-48148-1024x681.jpg\" class=\"attachment-large size-large\" alt=\"\" srcset=\"https:\/\/prado.legal\/wp-content\/uploads\/2020\/10\/web_pexels-pixabay-48148-1024x681.jpg 1024w, https:\/\/prado.legal\/wp-content\/uploads\/2020\/10\/web_pexels-pixabay-48148-300x199.jpg 300w, https:\/\/prado.legal\/wp-content\/uploads\/2020\/10\/web_pexels-pixabay-48148-768x511.jpg 768w, https:\/\/prado.legal\/wp-content\/uploads\/2020\/10\/web_pexels-pixabay-48148-100x66.jpg 100w, https:\/\/prado.legal\/wp-content\/uploads\/2020\/10\/web_pexels-pixabay-48148.jpg 1080w\" sizes=\"(max-width: 1024px) 100vw, 1024px\" \/><\/div><\/div><\/div><\/div><\/div><div class=\"vc_col-sm-12 wpb_column vc_column_container\"><div class=\"vc_column-inner\"><div class=\"wpb_wrapper\"><div class=\"w-separator size_large\"><\/div><div class=\"g-cols wpb_row us_custom_ce73e067 via_flex valign_top type_default stacking_default\"><div class=\"vc_col-sm-12 wpb_column vc_column_container\"><div class=\"vc_column-inner\"><div class=\"wpb_wrapper\"><div class=\"w-iconbox iconpos_top style_default color_primary align_center no_text\"><div class=\"w-iconbox-icon\" style=\"font-size:2rem;\"><i class=\"far fa-envelope\"><\/i><\/div><div class=\"w-iconbox-meta\"><h4 class=\"w-iconbox-title\">Ben\u00f6tigen Sie unsere Dienstleistungen?<\/h4><\/div><\/div><div class=\"w-btn-wrapper align_center\"><a class=\"w-btn us-btn-style_1\" href=\"\/de\/kontakt\"><span class=\"w-btn-label\">Kontaktiere uns<\/span><\/a><\/div><\/div><\/div><\/div><\/div><\/div><\/div><\/div><\/div><\/div><\/section>\n","protected":false},"excerpt":{"rendered":"\u00dcber uns? Das B\u00fcro Prado Legal ist eine Anwaltskanzlei, die von Rechtsexperten mit mehr als zehn Jahren Erfahrung in der Beratung von Unternehmen und Privatpersonen gegr\u00fcndet wurde. Bei Prado Legal k\u00f6nnen Sie jede Rechtsangelegenheit delegieren, mit der Gewissheit, dass Sie den Rat von Rechtsspezialisten mit umfassender Erfahrung und Professionalit\u00e4t sowohl in Rechtsfragen als auch im...","protected":false},"author":2,"featured_media":0,"parent":0,"menu_order":0,"comment_status":"closed","ping_status":"closed","template":"","meta":{"footnotes":""},"class_list":["post-3792","page","type-page","status-publish","hentry"],"yoast_head":"<!-- This site is optimized with the Yoast SEO plugin v23.6 - https:\/\/yoast.com\/wordpress\/plugins\/seo\/ -->\n<title>\u00dcber uns | PRADO LEGAL<\/title>\n<meta name=\"robots\" content=\"index, follow, max-snippet:-1, max-image-preview:large, max-video-preview:-1\" \/>\n<link rel=\"canonical\" href=\"https:\/\/prado.legal\/de\/ueber-uns\/\" \/>\n<meta property=\"og:locale\" content=\"de_DE\" \/>\n<meta property=\"og:type\" content=\"article\" \/>\n<meta property=\"og:title\" content=\"\u00dcber uns | PRADO LEGAL\" \/>\n<meta property=\"og:url\" content=\"https:\/\/prado.legal\/de\/ueber-uns\/\" \/>\n<meta property=\"og:site_name\" content=\"PRADO LEGAL\" \/>\n<meta name=\"twitter:card\" content=\"summary_large_image\" \/>\n<meta name=\"twitter:label1\" content=\"Gesch\u00e4tzte Lesezeit\" \/>\n\t<meta name=\"twitter:data1\" content=\"2\u00a0Minuten\" \/>\n<script type=\"application\/ld+json\" class=\"yoast-schema-graph\">{\"@context\":\"https:\/\/schema.org\",\"@graph\":[{\"@type\":\"WebPage\",\"@id\":\"https:\/\/prado.legal\/de\/ueber-uns\/\",\"url\":\"https:\/\/prado.legal\/de\/ueber-uns\/\",\"name\":\"\u00dcber uns | PRADO LEGAL\",\"isPartOf\":{\"@id\":\"https:\/\/prado.legal\/#website\"},\"datePublished\":\"2021-03-03T14:27:14+00:00\",\"dateModified\":\"2021-03-03T14:27:14+00:00\",\"breadcrumb\":{\"@id\":\"https:\/\/prado.legal\/de\/ueber-uns\/#breadcrumb\"},\"inLanguage\":\"de\",\"potentialAction\":[{\"@type\":\"ReadAction\",\"target\":[\"https:\/\/prado.legal\/de\/ueber-uns\/\"]}]},{\"@type\":\"BreadcrumbList\",\"@id\":\"https:\/\/prado.legal\/de\/ueber-uns\/#breadcrumb\",\"itemListElement\":[{\"@type\":\"ListItem\",\"position\":1,\"name\":\"Portada\",\"item\":\"https:\/\/prado.legal\/de\/\"},{\"@type\":\"ListItem\",\"position\":2,\"name\":\"\u00dcber uns\"}]},{\"@type\":\"WebSite\",\"@id\":\"https:\/\/prado.legal\/#website\",\"url\":\"https:\/\/prado.legal\/\",\"name\":\"PRADO LEGAL\",\"description\":\"Abogados y asesores\",\"publisher\":{\"@id\":\"https:\/\/prado.legal\/#organization\"},\"potentialAction\":[{\"@type\":\"SearchAction\",\"target\":{\"@type\":\"EntryPoint\",\"urlTemplate\":\"https:\/\/prado.legal\/?s={search_term_string}\"},\"query-input\":{\"@type\":\"PropertyValueSpecification\",\"valueRequired\":true,\"valueName\":\"search_term_string\"}}],\"inLanguage\":\"de\"},{\"@type\":\"Organization\",\"@id\":\"https:\/\/prado.legal\/#organization\",\"name\":\"Prado Legal\",\"url\":\"https:\/\/prado.legal\/\",\"logo\":{\"@type\":\"ImageObject\",\"inLanguage\":\"de\",\"@id\":\"https:\/\/prado.legal\/#\/schema\/logo\/image\/\",\"url\":\"https:\/\/prado.legal\/wp-content\/uploads\/2020\/10\/recursosgraficos-03.png\",\"contentUrl\":\"https:\/\/prado.legal\/wp-content\/uploads\/2020\/10\/recursosgraficos-03.png\",\"width\":536,\"height\":77,\"caption\":\"Prado Legal\"},\"image\":{\"@id\":\"https:\/\/prado.legal\/#\/schema\/logo\/image\/\"},\"sameAs\":[\"https:\/\/www.linkedin.com\/company\/prado-legal\/\"]}]}<\/script>\n<!-- \/ Yoast SEO plugin. -->","yoast_head_json":{"title":"\u00dcber uns | PRADO LEGAL","robots":{"index":"index","follow":"follow","max-snippet":"max-snippet:-1","max-image-preview":"max-image-preview:large","max-video-preview":"max-video-preview:-1"},"canonical":"https:\/\/prado.legal\/de\/ueber-uns\/","og_locale":"de_DE","og_type":"article","og_title":"\u00dcber uns | PRADO LEGAL","og_url":"https:\/\/prado.legal\/de\/ueber-uns\/","og_site_name":"PRADO LEGAL","twitter_card":"summary_large_image","twitter_misc":{"Gesch\u00e4tzte Lesezeit":"2\u00a0Minuten"},"schema":{"@context":"https:\/\/schema.org","@graph":[{"@type":"WebPage","@id":"https:\/\/prado.legal\/de\/ueber-uns\/","url":"https:\/\/prado.legal\/de\/ueber-uns\/","name":"\u00dcber uns | PRADO LEGAL","isPartOf":{"@id":"https:\/\/prado.legal\/#website"},"datePublished":"2021-03-03T14:27:14+00:00","dateModified":"2021-03-03T14:27:14+00:00","breadcrumb":{"@id":"https:\/\/prado.legal\/de\/ueber-uns\/#breadcrumb"},"inLanguage":"de","potentialAction":[{"@type":"ReadAction","target":["https:\/\/prado.legal\/de\/ueber-uns\/"]}]},{"@type":"BreadcrumbList","@id":"https:\/\/prado.legal\/de\/ueber-uns\/#breadcrumb","itemListElement":[{"@type":"ListItem","position":1,"name":"Portada","item":"https:\/\/prado.legal\/de\/"},{"@type":"ListItem","position":2,"name":"\u00dcber uns"}]},{"@type":"WebSite","@id":"https:\/\/prado.legal\/#website","url":"https:\/\/prado.legal\/","name":"PRADO LEGAL","description":"Abogados y asesores","publisher":{"@id":"https:\/\/prado.legal\/#organization"},"potentialAction":[{"@type":"SearchAction","target":{"@type":"EntryPoint","urlTemplate":"https:\/\/prado.legal\/?s={search_term_string}"},"query-input":{"@type":"PropertyValueSpecification","valueRequired":true,"valueName":"search_term_string"}}],"inLanguage":"de"},{"@type":"Organization","@id":"https:\/\/prado.legal\/#organization","name":"Prado Legal","url":"https:\/\/prado.legal\/","logo":{"@type":"ImageObject","inLanguage":"de","@id":"https:\/\/prado.legal\/#\/schema\/logo\/image\/","url":"https:\/\/prado.legal\/wp-content\/uploads\/2020\/10\/recursosgraficos-03.png","contentUrl":"https:\/\/prado.legal\/wp-content\/uploads\/2020\/10\/recursosgraficos-03.png","width":536,"height":77,"caption":"Prado Legal"},"image":{"@id":"https:\/\/prado.legal\/#\/schema\/logo\/image\/"},"sameAs":["https:\/\/www.linkedin.com\/company\/prado-legal\/"]}]}},"_links":{"self":[{"href":"https:\/\/prado.legal\/de\/wp-json\/wp\/v2\/pages\/3792"}],"collection":[{"href":"https:\/\/prado.legal\/de\/wp-json\/wp\/v2\/pages"}],"about":[{"href":"https:\/\/prado.legal\/de\/wp-json\/wp\/v2\/types\/page"}],"author":[{"embeddable":true,"href":"https:\/\/prado.legal\/de\/wp-json\/wp\/v2\/users\/2"}],"replies":[{"embeddable":true,"href":"https:\/\/prado.legal\/de\/wp-json\/wp\/v2\/comments?post=3792"}],"version-history":[{"count":3,"href":"https:\/\/prado.legal\/de\/wp-json\/wp\/v2\/pages\/3792\/revisions"}],"predecessor-version":[{"id":3795,"href":"https:\/\/prado.legal\/de\/wp-json\/wp\/v2\/pages\/3792\/revisions\/3795"}],"wp:attachment":[{"href":"https:\/\/prado.legal\/de\/wp-json\/wp\/v2\/media?parent=3792"}],"curies":[{"name":"wp","href":"https:\/\/api.w.org\/{rel}","templated":true}]}}