{"id":3802,"date":"2021-03-08T14:18:32","date_gmt":"2021-03-08T14:18:32","guid":{"rendered":"https:\/\/prado.legal\/?page_id=3802"},"modified":"2021-03-11T13:27:55","modified_gmt":"2021-03-11T13:27:55","slug":"rechtliche-warnung","status":"publish","type":"page","link":"https:\/\/prado.legal\/de\/rechtliche-warnung\/","title":{"rendered":"Impressum"},"content":{"rendered":"<section class=\"l-section wpb_row height_medium\"><div class=\"l-section-h i-cf\"><div class=\"g-cols vc_row via_flex valign_top type_default stacking_default\"><div class=\"vc_col-sm-12 wpb_column vc_column_container\"><div class=\"vc_column-inner\"><div class=\"wpb_wrapper\"><div class=\"wpb_text_column\"><div class=\"wpb_wrapper\"><p><strong>PRADO LEGAL S.L.P.<\/strong>\u00a0con domicilio social en la Calle del Prado, 22, 4\u00baB, C.P. 28014 Madrid y CIF: B-01995869 est\u00e1 inscrita en el Registro Mercantil de Madrid Hoja: M-730729, Tomo: 41215, Folio: 78.<\/p>\n<h3>Condiciones de Uso y Acceso<\/h3>\n<p><strong>Primera &#8211;<\/strong>\u00a0El acceso a esta p\u00e1gina web y la utilizaci\u00f3n de sus contenidos implica que usted ha le\u00eddo y acepta sin reserva las condiciones de uso que se detallan a continuaci\u00f3n y que podr\u00e1n ser modificadas en cualquier momento y sin previo aviso por parte de\u00a0<strong>PRADO LEGAL SLP<\/strong>. Estas condiciones de uso y acceso est\u00e1n sometidas al Derecho espa\u00f1ol.<\/p>\n<p><strong>Segunda &#8211;<\/strong>\u00a0Este sitio web es propiedad de\u00a0<strong>PRADO LEGAL SLP S.L.P.<\/strong>\u00a0Los contenidos del mismo son propiedad de\u00a0<strong>PRADO LEGAL SLP<\/strong>\u00a0a no ser que se cite una fuente diferente. El fin de estos contenidos es general y meramente informativo sin poder servir de sustitutivo de asesoramiento legal o de otra naturaleza. El usuario deber\u00e1 abstenerse de reproducir, copiar, distribuir, poner a disposici\u00f3n, comunicar p\u00fablicamente, transformar o modificar los contenidos de la p\u00e1gina web salvo en los casos autorizados en la ley o expresamente consentidos por\u00a0<strong>PRADO LEGAL SLP<\/strong>\u00a0o por el titular de los derechos.<\/p>\n<p><strong>Tercera &#8211;<\/strong>\u00a0La responsabilidad de uso de este sitio web es \u00edntegramente del usuario.\u00a0<strong>PRADO LEGAL SLP<\/strong>\u00a0no puede garantizar la ausencia de virus u otros elementos lesivos que pudieran da\u00f1ar el sistema inform\u00e1tico del usuario o sus ficheros.\u00a0<strong>PRADO LEGAL SLP<\/strong>\u00a0no responde por los da\u00f1os y perjuicios que estos elementos puedan causar al usuario o a terceros.<\/p>\n<p><strong>Cuarta &#8211;<\/strong>\u00a0La informaci\u00f3n que el usuario env\u00ede a\u00a0<strong>PRADO LEGAL SLP<\/strong>\u00a0deber\u00e1 ser veraz, siendo el usuario el \u00fanico responsable de las manifestaciones falsas o inexactas que realice y de los perjuicios que pueda ocasionar tanto a\u00a0<strong>PRADO LEGAL SLP<\/strong>\u00a0como a terceros.<\/p>\n<p><strong>Quinta &#8211;<\/strong>\u00a0Los enlaces que contiene este sitio web pueden conducir al usuario a p\u00e1ginas webs gestionadas por terceros sobre las que\u00a0<strong>PRADO LEGAL SLP<\/strong>\u00a0no ejerce ning\u00fan tipo de control. Por lo tanto,\u00a0<strong>PRADO LEGAL SLP<\/strong>\u00a0no responde ni del contenido ni del estado de derechos de dichas p\u00e1ginas.<\/p>\n<\/div><\/div><div class=\"g-cols wpb_row via_flex valign_top type_default stacking_default\" id=\"privacidad\"><div class=\"vc_col-sm-12 wpb_column vc_column_container\"><div class=\"vc_column-inner\"><div class=\"wpb_wrapper\"><div class=\"wpb_text_column\"><div class=\"wpb_wrapper\"><h3><\/h3>\n<h3>Pol\u00edtica de privacidad<\/h3>\n<ol>\n<li><strong>IDENTIFICACI\u00d3N Y DATOS DE CONTACTO DEL RESPONSABLE<\/strong><\/li>\n<li><strong>INFORMACI\u00d3N NECESARIA Y ACTUALIZADA<\/strong><\/li>\n<li><strong>INFORMACI\u00d3N GENERAL: DESCRIPCI\u00d3N DE LA INFORMACI\u00d3N CONTENIDA EN LA POL\u00cdTICA DE PRIVACIDAD<\/strong><\/li>\n<li><strong>INFORMACI\u00d3N DETALLADA DE LOS TRATAMIENTOS REALIZADOS POR LA SOCIEDAD<\/strong><\/li>\n<li><strong>EJERCICIO DE SUS DERECHOS<\/strong><\/li>\n<li><strong>COOKIES<\/strong><\/li>\n<li><strong>MEDIDAS DE SEGURIDAD<\/strong><\/li>\n<li><strong>MENORES<\/strong><\/li>\n<\/ol>\n<p>&nbsp;<\/p>\n<ol>\n<li><strong> IDENTIFICACI\u00d3N Y DATOS DE CONTACTO DEL RESPONSABLE<\/strong><\/li>\n<\/ol>\n<p><strong>PRADO LEGAL, S.L.P.,<\/strong>\u00a0sociedad domiciliada en la Calle del Prado, 22, 4\u00baB, 28014 Madrid, con CIF B B-01995869 \u00a0y tel\u00e9fono 91 &#8212;&#8212;&#8212;&#8211; (en adelante, &#8222;<strong>PRADO LEGAL<\/strong>&#8220; o la &#8222;<strong>Sociedad<\/strong>&#8222;) es la responsable del tratamiento de sus datos personales. En la presente pol\u00edtica de privacidad se facilita la informaci\u00f3n sobre el uso que realizar\u00e1 la Sociedad de sus datos personales en su condici\u00f3n de usuario de la web (la &#8222;<strong>Web<\/strong>&#8222;) y\/o usuario de los servicios de\u00a0<strong>PRADO LEGAL.<\/strong><\/p>\n<p>La presente Pol\u00edtica de Privacidad tiene por objeto facilitar informaci\u00f3n sobre los derechos que le asisten en virtud del Reglamento General de Protecci\u00f3n de Datos (&#8222;<strong>RGPD<\/strong>&#8222;) y de la Ley Org\u00e1nica de Protecci\u00f3n de Datos Personales y Garant\u00eda de Derechos Digitales (&#8222;<strong>LOPD&#8220;<\/strong>). Si tiene cualquier duda relativa al tratamiento de sus datos personales, contacte con la Sociedad en la siguiente direcci\u00f3n: <a href=\"mailto:info@prado.legal\">info@prado.legal<\/a><\/p>\n<p>&nbsp;<\/p>\n<p><strong>2. INFORMACI\u00d3N NECESARIA Y ACTUALIZADA<\/strong><\/p>\n<p>Todos los campos que aparezcan se\u00f1alados con un asterisco (*) en los formularios de la Web ser\u00e1n de obligada cumplimentaci\u00f3n, de tal modo que la omisi\u00f3n de alguno de ellos podr\u00eda comportar la imposibilidad de que se le puedan facilitar los servicios o informaci\u00f3n solicitados.<\/p>\n<p>Deber\u00e1 proporcionar informaci\u00f3n ver\u00eddica, para que la informaci\u00f3n facilitada est\u00e9 siempre actualizada y no contenga errores, deber\u00e1 comunicar a la Sociedad a la mayor brevedad posible, las modificaciones y rectificaciones de sus datos de car\u00e1cter personal que se vayan produciendo a trav\u00e9s de un correo electr\u00f3nico a la direcci\u00f3n: info@prado.legal<\/p>\n<p>Asimismo, al hacer &#8222;click&#8220; en el bot\u00f3n &#8222;Acepto&#8220;, incorporado en los citados formularios, declara que la informaci\u00f3n y los datos que en ellos ha facilitado son exactos y veraces.<\/p>\n<p>&nbsp;<\/p>\n<p><strong>3. INFORMACI\u00d3N GENERAL: DESCRIPCI\u00d3N DE LA INFORMACI\u00d3N CONTENIDA EN LA POL\u00cdTICA DE PRIVACIDAD<\/strong><\/p>\n<p>En la presente pol\u00edtica de privacidad encontrar\u00e1 una tabla identificando, por cada uno de los diferentes tratamientos de datos realizados por la Sociedad, la siguiente informaci\u00f3n:<\/p>\n<ol>\n<li>Las finalidades del tratamiento de sus datos personales, esto es, el motivo por el cual la Sociedad trata sus datos personales.<\/li>\n<li>Las bases legales que permiten el tratamiento de sus datos por parte de la Sociedad para cada una de las finalidades indicadas.<\/li>\n<li>La posible comunicaci\u00f3n de sus datos a terceros, as\u00ed como la causa de dicha comunicaci\u00f3n. A estos efectos, le informamos de que no cedemos sus datos personales a terceros salvo que exista una obligaci\u00f3n legal. Por otra parte, podr\u00e1n tener acceso a sus datos personales los encargados del tratamiento de la Sociedad, es decir, los prestadores de servicios que tengan que acceder a sus datos personales para el desarrollo de sus funciones. Los prestadores de servicios que acceden a sus datos personales, con car\u00e1cter general, se dedican a los sectores de sistemas de informaci\u00f3n, tecnolog\u00eda y despachos colaboradores. En la tabla que figura a continuaci\u00f3n se indicar\u00e1n, en su caso, aquellos otros sectores a los que se dediquen otros posibles prestadores de servicios de la Sociedad que deban acceder a sus datos personales.<\/li>\n<\/ol>\n<p>Le informamos de que puede solicitar mayor detalle de informaci\u00f3n respecto de los destinatarios de sus datos enviando un correo electr\u00f3nico a la direcci\u00f3n\u00a0<a href=\"mailto:info@prado.legal\">info@prado.legal<\/a>, \u00a0indicando el tratamiento concreto sobre cuyos destinatarios querr\u00eda informaci\u00f3n.<\/p>\n<ol start=\"4\">\n<li>La existencia de potenciales transferencias internacionales de datos.<\/li>\n<li>El plazo de conservaci\u00f3n de los datos que nos facilite. Asimismo, le informamos de que sus datos permanecer\u00e1n bloqueados para la atenci\u00f3n de reclamaciones judiciales, administrativas o fiscales, durante los plazos que resulten de la legislaci\u00f3n aplicable.<\/li>\n<li><\/li>\n<\/ol>\n<p><strong>4. INFORMACI\u00d3N DETALLADA DE LOS TRATAMIENTOS REALIZADOS POR PRADO LEGAL<\/strong><\/p>\n<p>&nbsp;<\/p>\n<table>\n<thead>\n<tr>\n<td><strong>FINALIDAD DEL TRATAMIENTO<\/strong><\/td>\n<td><strong>BASE LEGAL<\/strong><\/td>\n<td><strong>DESTINATARIOS<\/strong><\/td>\n<td><strong>TRANSFERENCIAS INTERNACIONALES<\/strong><\/td>\n<td><strong>PLAZO DE CONSERVACI\u00d3N<\/strong><\/td>\n<\/tr>\n<\/thead>\n<tbody>\n<tr>\n<td>CONSULTAS: Gestionar las consultas planteadas\u00a0 por potenciales Clientes a trav\u00e9s del formulario de consulta de la web o por medio de entrevistas personales<\/td>\n<td>Inter\u00e9s leg\u00edtimo de la Sociedad para atender a los requerimientos de informaci\u00f3n a trav\u00e9s de la Web y\/o a trav\u00e9s de entrevistas personales<\/td>\n<td>Sus datos no ser\u00e1n cedidos excepto a los prestadores de servicios adicionales de los indicados en el\u00a0<a href=\"https:\/\/www.garrigues.com\/es_ES\/pagina\/politica-de-privacidad#3\">apartado 3c<\/a>.<\/td>\n<td>Sus datos pueden ser transferidos a despachos colaboradores,\u00a0 dentro del Espacio Econ\u00f3mico Europeo (&#8222;<strong>EEE<\/strong>&#8222;). Estas transferencias se realizar\u00edan sobre la base de la adhesi\u00f3n de estas compa\u00f1\u00edas al marco de Privacy de PRADO LEGAL. No se realizan trasferencias de datos a compa\u00f1\u00edas fuera del &#8218;EEE&#8216;<\/td>\n<td>Hasta la resoluci\u00f3n de su solicitud de informaci\u00f3n<\/td>\n<\/tr>\n<tr>\n<td><\/td>\n<td><\/td>\n<td><\/td>\n<td><\/td>\n<td><\/td>\n<\/tr>\n<tr>\n<td>CLIENTES: Gestionar\u00a0 la prestaci\u00f3n de los servicios jur\u00eddicos solicitados por el Clientes, para su defensa y\/ o asesoramiento.<\/td>\n<td>Relaci\u00f3n contractual\u00a0 firmada con el Cliente para la prestaci\u00f3n del servicio solicitado. Nota Encargo<\/td>\n<td>Sus datos\u00a0 no ser\u00e1n cedidos excepto en los casos necesarios a\u00a0los prestadores de servicios indicados en el\u00a0<a href=\"https:\/\/www.garrigues.com\/es_ES\/pagina\/politica-de-privacidad#3\">apartado 3c<\/a>.<\/td>\n<td>Sus datos pueden ser transferidos a despachos colaboradores,\u00a0 dentro del Espacio Econ\u00f3mico Europeo (&#8222;<strong>EEE<\/strong>&#8222;). Estas transferencias se realizar\u00edan sobre la base de la adhesi\u00f3n de estas compa\u00f1\u00edas al marco de Privacy de PRADO LEGAL. No se realizan trasferencias de datos a compa\u00f1\u00edas fuera del &#8218;EEE&#8216;<\/td>\n<td>Los\u00a0 datos personales de ser\u00e1n conservados mientras dure la prestaci\u00f3n del servicio.<\/p>\n<p>Una vez finalizada la prestaci\u00f3n del servicio, los\u00a0 datos\u00a0 solo ser\u00e1n conservados\u00a0 para una posible reclamaci\u00f3n administrativas o fiscales , durante un per\u00edodo m\u00ednimo de 5 a\u00f1os<\/td>\n<\/tr>\n<tr>\n<td>PROVEEDORES: Gesti\u00f3n de la relaci\u00f3n\u00a0 con los proveedores<\/td>\n<td>Relaci\u00f3n contractual\u00a0 firmada con los proveedores para la prestaci\u00f3n del servicio solicitado o suministro<\/td>\n<td>Sus datos\u00a0 no ser\u00e1n cedidos excepto en los casos necesarios a<\/p>\n<p>los prestadores de servicios indicados en el\u00a0<a href=\"https:\/\/www.garrigues.com\/es_ES\/pagina\/politica-de-privacidad#3\">apartado 3c<\/a>.<\/td>\n<td>No se realizan transferencias internacionales de sus datos<\/td>\n<td>Los\u00a0 datos personales de ser\u00e1n conservados mientras dure la prestaci\u00f3n del servicio.<\/p>\n<p>Una vez finalizada la prestaci\u00f3n del servicio, los\u00a0 datos\u00a0 solo ser\u00e1n conservados\u00a0 para una posible reclamaci\u00f3n administrativa o fiscal , durante los plazos previstos por la legislaci\u00f3n vigente.<\/td>\n<\/tr>\n<tr>\n<td><\/td>\n<td><\/td>\n<td><\/td>\n<td><\/td>\n<td><\/td>\n<\/tr>\n<\/tbody>\n<\/table>\n<p>&nbsp;<\/p>\n<p><strong>5. EJERCICIO DE SUS DERECHOS<\/strong><\/p>\n<p>Le informamos de que podr\u00e1 ejercer los siguientes derechos:<\/p>\n<ol>\n<li>derecho de acceso a sus datos personales para saber cu\u00e1les est\u00e1n siendo objeto de tratamiento y las operaciones de tratamiento llevadas a cabo con ellos;<\/li>\n<li>derecho de rectificaci\u00f3n de cualquier dato personal inexacto;<\/li>\n<li>derecho de supresi\u00f3n de sus datos personales, cuando esto sea posible;<\/li>\n<li>derecho a solicitar la limitaci\u00f3n del tratamiento de sus datos personales cuando la exactitud, la legalidad o la necesidad del tratamiento de los datos resulte dudosa, en cuyo caso, podremos conservarlos para el ejercicio o la defensa de reclamaciones;<\/li>\n<li>derecho a la portabilidad de sus datos personales, cuando la base legal que nos habilite para su tratamiento de las indicadas en la tabla arriba incluida, sea la relaci\u00f3n contractual o el consentimiento;<\/li>\n<li>derecho de oposici\u00f3n al tratamiento de sus datos personales, cuando la base legal que nos habilite para su tratamiento de las indicadas en la tabla arriba incluida, sea el inter\u00e9s leg\u00edtimo. A estos efectos, dejaremos de tratar sus datos salvo que tengamos un inter\u00e9s leg\u00edtimo imperioso o para la formulaci\u00f3n, el ejercicio o la defensa de reclamaciones.<\/li>\n<li>derecho a revocar su consentimiento en cualquier momento.<\/li>\n<\/ol>\n<p>Podr\u00e1 ejercitar sus derechos en cualquier momento y de forma gratuita dirigiendo un correo electr\u00f3nico a:\u00a0<a href=\"mailto:vyb@valenzuelabolas.com\">info@prado.legal<\/a>\u00a0, indicando el derecho que desea ejercitar, \u00a0sus datos identificativos y\u00a0 fotocopia de documento acreditativo (DNI o similar)<\/p>\n<p>Si considera que no hemos tratado sus datos personales adecuadamente puede contactar con el Delegado de Protecci\u00f3n de Datos en la direcci\u00f3n\u00a0<a href=\"mailto:vyb@valenzuelabolas.com\">info@prado.legal<\/a>\u00a0No obstante, le informamos de que tiene derecho a presentar una reclamaci\u00f3n ante la Agencia Espa\u00f1ola de Protecci\u00f3n de Datos, si considera que se ha cometido una infracci\u00f3n de la legislaci\u00f3n en materia de protecci\u00f3n de datos respecto al tratamiento de sus datos personales.<\/p>\n<\/div><\/div><\/div><\/div><\/div><\/div><div class=\"g-cols wpb_row via_flex valign_top type_default stacking_default\" id=\"cookies\"><div class=\"vc_col-sm-12 wpb_column vc_column_container\"><div class=\"vc_column-inner\"><div class=\"wpb_wrapper\"><div class=\"wpb_text_column\"><div class=\"wpb_wrapper\"><h3><\/h3>\n<h3>COOKIES<\/h3>\n<p>PRADO LEGAL \u00a0utiliza cookies para mejorar la experiencia de los usuarios, facilitando la navegaci\u00f3n por nuestra web.<\/p>\n<p><strong>\u00bfQu\u00e9 son las cookies?<\/strong><\/p>\n<p>Las cookies son peque\u00f1os archivos de texto que se almacenan en el dispositivo del usuario de Internet al visitar una p\u00e1gina web. Es el operador del sitio web el que determina qu\u00e9 tipo de informaci\u00f3n contiene dicha cookie y cu\u00e1l es su prop\u00f3sito, pudiendo adem\u00e1s ser utilizada por el servidor web cada vez que visite dicha web. Se utilizan las cookies para ahorrar tiempo y hacer la experiencia de navegaci\u00f3n web mucho m\u00e1s eficiente.<\/p>\n<p>Existen una gran cantidad de gu\u00edas en las que se explica lo que son las cookies, y para qu\u00e9 se utilizan.<\/p>\n<p>Para m\u00e1s informaci\u00f3n:<\/p>\n<p><a href=\"https:\/\/es.wikipedia.org\/wiki\/Cookie\" target=\"_blank\" rel=\"noopener noreferrer\">https:\/\/es.wikipedia.org\/wiki\/Cookie<\/a><\/p>\n<p>&nbsp;<\/p>\n<p><strong>Tipos de cookies seg\u00fan la entidad que las gestione:<\/strong><\/p>\n<p>&#8211; Cookies propias:<\/p>\n<p>Son aqu\u00e9llas que se env\u00edan al equipo terminal del usuario desde un equipo o dominio gestionado por el propio editor y desde el que se presta el servicio solicitado por el usuario.<\/p>\n<p>&#8211; Cookies de tercero:<\/p>\n<p>Son aqu\u00e9llas que se env\u00edan al equipo terminal del usuario desde un equipo o dominio que no es gestionado por el editor, sino por otra entidad que trata los datos obtenidos trav\u00e9s de las cookies.<\/p>\n<p><strong>Cookies utilizadas por\u00a0PRADO LEGAL<\/strong><\/p>\n<ul>\n<li>Propias:\n<ul>\n<li>PHPSESSID:\u00a0 Es una cookie tecnica cuya\u00a0 finalidad es identificar la sesion del Navegador. Persist een el sistema mientras la sesion este abierta.<\/li>\n<\/ul>\n<\/li>\n<li>De terceros:<\/li>\n<li>Google analytics<\/li>\n<li>Google maps<\/li>\n<\/ul>\n<p><strong>Configuraci\u00f3n de cookies y revocaci\u00f3n del consentimiento:<\/strong><\/p>\n<p>Usted puede gestionar las cookies a trav\u00e9s de la configuraci\u00f3n de su navegador o dispositivo.\u00a0 En el caso de que decida bloquearlas, es posible que ciertos servicios que necesitan su uso no est\u00e9n disponibles para usted.<\/p>\n<p>Puede llevar a cabo la gesti\u00f3n de las cookies en las siguientes ubicaciones de los navegadores m\u00e1s populares:<\/p>\n<ul>\n<li>Internet Explorer: Herramientas -&gt; Opciones de Internet -&gt; Privacidad -&gt; Configuraci\u00f3n.<\/li>\n<\/ul>\n<p>Para m\u00e1s informaci\u00f3n, puede consultar el soporte de Microsoft o la Ayuda del navegador.<\/p>\n<ul>\n<li>Firefox: Herramientas -&gt; Opciones -&gt; Privacidad -&gt; Historial -&gt; Configuraci\u00f3n Personalizada.<\/li>\n<\/ul>\n<p>Para m\u00e1s informaci\u00f3n, puede consultar el soporte de Mozilla o la Ayuda del navegador.<\/p>\n<ul>\n<li>Chrome: Configuraci\u00f3n -&gt; Mostrar opciones avanzadas -&gt; Privacidad -&gt; Configuraci\u00f3n de contenido.<\/li>\n<\/ul>\n<p>Para m\u00e1s informaci\u00f3n, puede consultar el soporte de Google o la Ayuda del navegador.<\/p>\n<ul>\n<li>Safari: Preferencias -&gt; Seguridad. 4<\/li>\n<\/ul>\n<p>Para m\u00e1s informaci\u00f3n, puede consultar el soporte de Apple o la Ayuda del navegador.<\/p>\n<p><strong>Modificaci\u00f3n de la Pol\u00edtica de Protecci\u00f3n de Datos, de Privacidad y de Cookies<\/strong><\/p>\n<p>Finalmente les informamos que el Responsable del Tratamiento se reserva el derecho a modificar la presente pol\u00edtica de protecci\u00f3n de datos, privacidad y cookies para adaptarla a las novedades legislativas o jurisprudenciales, as\u00ed como a las modificaciones o pr\u00e1cticas de la industria, si bien se avisar\u00e1, con la debida antelaci\u00f3n, de los cambios que se vayan a introducir y del momento en que comenzar\u00e1n a surtir plenos efectos.<\/p>\n<p>&nbsp;<\/p>\n<p><strong>7. MEDIDAS DE SEGURIDAD<\/strong><\/p>\n<p>PRADO LEGAL \u00a0adopta los niveles de seguridad requeridos por el RGPD y en la LOPD adecuados a la naturaleza de los datos que son objeto de tratamiento en cada momento. No obstante lo anterior, la seguridad t\u00e9cnica en un medio como Internet no es inexpugnable y pueden existir actuaciones dolosas de terceros, si bien PRADO LEGAL pone todos los medios a su alcance para evitar dichas actuaciones.<\/p>\n<p>&nbsp;<\/p>\n<p><strong>8.MENORES<\/strong><\/p>\n<p>Los menores de edad no podr\u00e1n usar los servicios disponibles a trav\u00e9s de la Web sin la previa autorizaci\u00f3n de sus padres, tutores o representantes legales, quienes ser\u00e1n los \u00fanicos responsables de todos los actos realizados a trav\u00e9s de la Web por los menores a su cargo, incluyendo la cumplimentaci\u00f3n de los formularios con los datos personales de dichos menores y la marcaci\u00f3n, en su caso, de las casillas que los acompa\u00f1an<\/p>\n<\/div><\/div><\/div><\/div><\/div><\/div><\/div><\/div><\/div><\/div><\/div><\/section>\n","protected":false},"excerpt":{"rendered":"PRADO LEGAL S.L.P.\u00a0con domicilio social en la Calle del Prado, 22, 4\u00baB, C.P. 28014 Madrid y CIF: B-01995869 est\u00e1 inscrita en el Registro Mercantil de Madrid Hoja: M-730729, Tomo: 41215, Folio: 78. Condiciones de Uso y Acceso Primera &#8211;\u00a0El acceso a esta p\u00e1gina web y la utilizaci\u00f3n de sus contenidos implica que usted ha le\u00eddo...","protected":false},"author":2,"featured_media":0,"parent":0,"menu_order":0,"comment_status":"closed","ping_status":"closed","template":"","meta":{"footnotes":""},"class_list":["post-3802","page","type-page","status-publish","hentry"],"yoast_head":"<!-- This site is optimized with the Yoast SEO plugin v23.6 - https:\/\/yoast.com\/wordpress\/plugins\/seo\/ -->\n<title>Impressum | PRADO LEGAL<\/title>\n<meta name=\"robots\" content=\"index, follow, max-snippet:-1, max-image-preview:large, max-video-preview:-1\" \/>\n<link rel=\"canonical\" href=\"https:\/\/prado.legal\/de\/rechtliche-warnung\/\" \/>\n<meta property=\"og:locale\" content=\"de_DE\" \/>\n<meta property=\"og:type\" content=\"article\" \/>\n<meta property=\"og:title\" content=\"Impressum | PRADO LEGAL\" \/>\n<meta property=\"og:url\" content=\"https:\/\/prado.legal\/de\/rechtliche-warnung\/\" \/>\n<meta property=\"og:site_name\" content=\"PRADO LEGAL\" \/>\n<meta property=\"article:modified_time\" content=\"2021-03-11T13:27:55+00:00\" \/>\n<meta name=\"twitter:card\" content=\"summary_large_image\" \/>\n<meta name=\"twitter:label1\" content=\"Gesch\u00e4tzte Lesezeit\" \/>\n\t<meta name=\"twitter:data1\" content=\"10\u00a0Minuten\" \/>\n<script type=\"application\/ld+json\" class=\"yoast-schema-graph\">{\"@context\":\"https:\/\/schema.org\",\"@graph\":[{\"@type\":\"WebPage\",\"@id\":\"https:\/\/prado.legal\/de\/rechtliche-warnung\/\",\"url\":\"https:\/\/prado.legal\/de\/rechtliche-warnung\/\",\"name\":\"Impressum | PRADO LEGAL\",\"isPartOf\":{\"@id\":\"https:\/\/prado.legal\/#website\"},\"datePublished\":\"2021-03-08T14:18:32+00:00\",\"dateModified\":\"2021-03-11T13:27:55+00:00\",\"breadcrumb\":{\"@id\":\"https:\/\/prado.legal\/de\/rechtliche-warnung\/#breadcrumb\"},\"inLanguage\":\"de\",\"potentialAction\":[{\"@type\":\"ReadAction\",\"target\":[\"https:\/\/prado.legal\/de\/rechtliche-warnung\/\"]}]},{\"@type\":\"BreadcrumbList\",\"@id\":\"https:\/\/prado.legal\/de\/rechtliche-warnung\/#breadcrumb\",\"itemListElement\":[{\"@type\":\"ListItem\",\"position\":1,\"name\":\"Portada\",\"item\":\"https:\/\/prado.legal\/de\/\"},{\"@type\":\"ListItem\",\"position\":2,\"name\":\"Impressum\"}]},{\"@type\":\"WebSite\",\"@id\":\"https:\/\/prado.legal\/#website\",\"url\":\"https:\/\/prado.legal\/\",\"name\":\"PRADO LEGAL\",\"description\":\"Abogados y asesores\",\"publisher\":{\"@id\":\"https:\/\/prado.legal\/#organization\"},\"potentialAction\":[{\"@type\":\"SearchAction\",\"target\":{\"@type\":\"EntryPoint\",\"urlTemplate\":\"https:\/\/prado.legal\/?s={search_term_string}\"},\"query-input\":{\"@type\":\"PropertyValueSpecification\",\"valueRequired\":true,\"valueName\":\"search_term_string\"}}],\"inLanguage\":\"de\"},{\"@type\":\"Organization\",\"@id\":\"https:\/\/prado.legal\/#organization\",\"name\":\"Prado Legal\",\"url\":\"https:\/\/prado.legal\/\",\"logo\":{\"@type\":\"ImageObject\",\"inLanguage\":\"de\",\"@id\":\"https:\/\/prado.legal\/#\/schema\/logo\/image\/\",\"url\":\"https:\/\/prado.legal\/wp-content\/uploads\/2020\/10\/recursosgraficos-03.png\",\"contentUrl\":\"https:\/\/prado.legal\/wp-content\/uploads\/2020\/10\/recursosgraficos-03.png\",\"width\":536,\"height\":77,\"caption\":\"Prado Legal\"},\"image\":{\"@id\":\"https:\/\/prado.legal\/#\/schema\/logo\/image\/\"},\"sameAs\":[\"https:\/\/www.linkedin.com\/company\/prado-legal\/\"]}]}<\/script>\n<!-- \/ Yoast SEO plugin. -->","yoast_head_json":{"title":"Impressum | PRADO LEGAL","robots":{"index":"index","follow":"follow","max-snippet":"max-snippet:-1","max-image-preview":"max-image-preview:large","max-video-preview":"max-video-preview:-1"},"canonical":"https:\/\/prado.legal\/de\/rechtliche-warnung\/","og_locale":"de_DE","og_type":"article","og_title":"Impressum | PRADO LEGAL","og_url":"https:\/\/prado.legal\/de\/rechtliche-warnung\/","og_site_name":"PRADO LEGAL","article_modified_time":"2021-03-11T13:27:55+00:00","twitter_card":"summary_large_image","twitter_misc":{"Gesch\u00e4tzte Lesezeit":"10\u00a0Minuten"},"schema":{"@context":"https:\/\/schema.org","@graph":[{"@type":"WebPage","@id":"https:\/\/prado.legal\/de\/rechtliche-warnung\/","url":"https:\/\/prado.legal\/de\/rechtliche-warnung\/","name":"Impressum | PRADO LEGAL","isPartOf":{"@id":"https:\/\/prado.legal\/#website"},"datePublished":"2021-03-08T14:18:32+00:00","dateModified":"2021-03-11T13:27:55+00:00","breadcrumb":{"@id":"https:\/\/prado.legal\/de\/rechtliche-warnung\/#breadcrumb"},"inLanguage":"de","potentialAction":[{"@type":"ReadAction","target":["https:\/\/prado.legal\/de\/rechtliche-warnung\/"]}]},{"@type":"BreadcrumbList","@id":"https:\/\/prado.legal\/de\/rechtliche-warnung\/#breadcrumb","itemListElement":[{"@type":"ListItem","position":1,"name":"Portada","item":"https:\/\/prado.legal\/de\/"},{"@type":"ListItem","position":2,"name":"Impressum"}]},{"@type":"WebSite","@id":"https:\/\/prado.legal\/#website","url":"https:\/\/prado.legal\/","name":"PRADO LEGAL","description":"Abogados y asesores","publisher":{"@id":"https:\/\/prado.legal\/#organization"},"potentialAction":[{"@type":"SearchAction","target":{"@type":"EntryPoint","urlTemplate":"https:\/\/prado.legal\/?s={search_term_string}"},"query-input":{"@type":"PropertyValueSpecification","valueRequired":true,"valueName":"search_term_string"}}],"inLanguage":"de"},{"@type":"Organization","@id":"https:\/\/prado.legal\/#organization","name":"Prado Legal","url":"https:\/\/prado.legal\/","logo":{"@type":"ImageObject","inLanguage":"de","@id":"https:\/\/prado.legal\/#\/schema\/logo\/image\/","url":"https:\/\/prado.legal\/wp-content\/uploads\/2020\/10\/recursosgraficos-03.png","contentUrl":"https:\/\/prado.legal\/wp-content\/uploads\/2020\/10\/recursosgraficos-03.png","width":536,"height":77,"caption":"Prado Legal"},"image":{"@id":"https:\/\/prado.legal\/#\/schema\/logo\/image\/"},"sameAs":["https:\/\/www.linkedin.com\/company\/prado-legal\/"]}]}},"_links":{"self":[{"href":"https:\/\/prado.legal\/de\/wp-json\/wp\/v2\/pages\/3802"}],"collection":[{"href":"https:\/\/prado.legal\/de\/wp-json\/wp\/v2\/pages"}],"about":[{"href":"https:\/\/prado.legal\/de\/wp-json\/wp\/v2\/types\/page"}],"author":[{"embeddable":true,"href":"https:\/\/prado.legal\/de\/wp-json\/wp\/v2\/users\/2"}],"replies":[{"embeddable":true,"href":"https:\/\/prado.legal\/de\/wp-json\/wp\/v2\/comments?post=3802"}],"version-history":[{"count":3,"href":"https:\/\/prado.legal\/de\/wp-json\/wp\/v2\/pages\/3802\/revisions"}],"predecessor-version":[{"id":3876,"href":"https:\/\/prado.legal\/de\/wp-json\/wp\/v2\/pages\/3802\/revisions\/3876"}],"wp:attachment":[{"href":"https:\/\/prado.legal\/de\/wp-json\/wp\/v2\/media?parent=3802"}],"curies":[{"name":"wp","href":"https:\/\/api.w.org\/{rel}","templated":true}]}}