{"id":3822,"date":"2021-03-08T15:15:24","date_gmt":"2021-03-08T15:15:24","guid":{"rendered":"https:\/\/prado.legal\/?page_id=3822"},"modified":"2021-03-08T15:15:24","modified_gmt":"2021-03-08T15:15:24","slug":"verwaltungsrecht","status":"publish","type":"page","link":"https:\/\/prado.legal\/de\/verwaltungsrecht\/","title":{"rendered":"VERWALTUNGSRECHT"},"content":{"rendered":"<section class=\"l-section wpb_row height_medium\"><div class=\"l-section-h i-cf\"><div class=\"g-cols vc_row via_flex valign_top type_default stacking_default\"><div class=\"vc_col-sm-6 wpb_column vc_column_container\"><div class=\"vc_column-inner\"><div class=\"wpb_wrapper\"><div class=\"g-cols wpb_row us_custom_3f72371e via_flex valign_top type_default stacking_default\"><div class=\"vc_col-sm-12 wpb_column vc_column_container\"><div class=\"vc_column-inner\"><div class=\"wpb_wrapper\"><div class=\"wpb_text_column us_custom_abf39395 has_text_color\"><div class=\"wpb_wrapper\"><h4>Rechtliche Richtung der Verwaltungsverfahren<\/h4>\n<\/div><\/div><div class=\"w-separator size_small\"><\/div><div class=\"wpb_text_column us_custom_159d132a has_text_color\"><div class=\"wpb_wrapper\"><h2><strong>Verwaltungsrecht<\/strong><\/h2>\n<\/div><\/div><\/div><\/div><\/div><\/div><div class=\"w-separator size_medium\"><\/div><div class=\"wpb_text_column\"><div class=\"wpb_wrapper\"><p>Mehr als zehn Jahre Berufserfahrung in der Durchf\u00fchrung von Verwaltungsverfahren aller Art garantieren die rechtliche Beratung, die Prado Legal Ihnen in allen Arten von Verfahren vor der \u00f6ffentlichen Verwaltung bieten kann.<\/p>\n<\/div><\/div><div class=\"w-separator size_medium\"><\/div><div class=\"w-btn-wrapper align_none\"><a class=\"w-btn us-btn-style_1\" href=\"\/kontakt\"><span class=\"w-btn-label\">Kontakt<\/span><\/a><\/div><\/div><\/div><\/div><div class=\"vc_col-sm-6 wpb_column vc_column_container\"><div class=\"vc_column-inner\"><div class=\"wpb_wrapper\"><div class=\"w-image align_none\"><div class=\"w-image-h\"><img loading=\"lazy\" decoding=\"async\" width=\"1024\" height=\"976\" src=\"https:\/\/prado.legal\/wp-content\/uploads\/2021\/01\/web_stil-H0YxjMzc6ZQ-unsplash-1024x976.jpg\" class=\"attachment-large size-large\" alt=\"\" srcset=\"https:\/\/prado.legal\/wp-content\/uploads\/2021\/01\/web_stil-H0YxjMzc6ZQ-unsplash-1024x976.jpg 1024w, https:\/\/prado.legal\/wp-content\/uploads\/2021\/01\/web_stil-H0YxjMzc6ZQ-unsplash-300x286.jpg 300w, https:\/\/prado.legal\/wp-content\/uploads\/2021\/01\/web_stil-H0YxjMzc6ZQ-unsplash-768x732.jpg 768w, https:\/\/prado.legal\/wp-content\/uploads\/2021\/01\/web_stil-H0YxjMzc6ZQ-unsplash-100x95.jpg 100w, https:\/\/prado.legal\/wp-content\/uploads\/2021\/01\/web_stil-H0YxjMzc6ZQ-unsplash.jpg 1080w\" sizes=\"(max-width: 1024px) 100vw, 1024px\" \/><\/div><\/div><\/div><\/div><\/div><div class=\"vc_col-sm-12 wpb_column vc_column_container\"><div class=\"vc_column-inner\"><div class=\"wpb_wrapper\"><div class=\"w-separator size_medium\"><\/div><div class=\"wpb_text_column\"><div class=\"wpb_wrapper\"><p>Von der Entstehung der Verwaltungsakte bis zu ihrer L\u00f6sung ist es notwendig, den Fall genau zu \u00fcberpr\u00fcfen, um sicherzustellen, dass die Verwaltung ihre Aufgaben nicht \u00fcberschreitet und dass die Rechte des B\u00fcrgers nicht verletzt werden.<\/p>\n<p>Wir werden uns um Anspr\u00fcche vor dem Finanzamt, der Sozialversicherung, den territorialen und kommunalen Verwaltungen, kurz gesagt, um alle Arten von Verwaltungsakten sorgen.<\/p>\n<\/div><\/div><div class=\"w-separator size_medium\"><\/div><div class=\"w-image align_none\"><div class=\"w-image-h\"><img loading=\"lazy\" decoding=\"async\" width=\"1024\" height=\"402\" src=\"https:\/\/prado.legal\/wp-content\/uploads\/2021\/01\/web_tyler-franta-iusJ25iYu1c-unsplash-1024x402.jpg\" class=\"attachment-large size-large\" alt=\"\" srcset=\"https:\/\/prado.legal\/wp-content\/uploads\/2021\/01\/web_tyler-franta-iusJ25iYu1c-unsplash-1024x402.jpg 1024w, https:\/\/prado.legal\/wp-content\/uploads\/2021\/01\/web_tyler-franta-iusJ25iYu1c-unsplash-300x118.jpg 300w, https:\/\/prado.legal\/wp-content\/uploads\/2021\/01\/web_tyler-franta-iusJ25iYu1c-unsplash-768x302.jpg 768w, https:\/\/prado.legal\/wp-content\/uploads\/2021\/01\/web_tyler-franta-iusJ25iYu1c-unsplash-100x39.jpg 100w, https:\/\/prado.legal\/wp-content\/uploads\/2021\/01\/web_tyler-franta-iusJ25iYu1c-unsplash.jpg 1080w\" sizes=\"(max-width: 1024px) 100vw, 1024px\" \/><\/div><\/div><div class=\"w-separator size_medium\"><\/div><div class=\"wpb_text_column\"><div class=\"wpb_wrapper\"><p>Als Fachanw\u00e4lte f\u00fcr Verwaltungsrecht bieten wir Ihnen unser gesamtes juristisches Fachwissen in allen Angelegenheiten, die Sie uns anvertrauen, einschlie\u00dflich Spezialgebieten wie Steuerpr\u00fcfung, Stadtplanung, Einwanderung oder Enteignung.<\/p>\n<p>Wenn Sie weitere Informationen \u00fcber die Spezialgebiete der Kanzlei w\u00fcnschen, z\u00f6gern Sie bitte nicht, uns zu<a href=\"\/de\/kontakt\"> kontaktieren.<\/a><\/p>\n<\/div><\/div><\/div><\/div><\/div><\/div><\/div><\/section><section class=\"l-section wpb_row us_custom_b03640aa height_medium\"><div class=\"l-section-h i-cf\"><div class=\"g-cols vc_row via_flex valign_top type_default stacking_default\"><div class=\"vc_col-sm-12 wpb_column vc_column_container\"><div class=\"vc_column-inner\"><div class=\"wpb_wrapper\"><div class=\"g-cols wpb_row us_custom_ce73e067 via_flex valign_top type_default stacking_default\"><div class=\"vc_col-sm-12 wpb_column vc_column_container\"><div class=\"vc_column-inner\"><div class=\"wpb_wrapper\"><div class=\"w-iconbox iconpos_top style_default color_primary align_center no_text\"><div class=\"w-iconbox-icon\" style=\"font-size:2rem;\"><i class=\"far fa-envelope\"><\/i><\/div><div class=\"w-iconbox-meta\"><h4 class=\"w-iconbox-title\">Ben\u00f6tigen Sie unsere Dienstleistungen?<\/h4><\/div><\/div><div class=\"w-btn-wrapper align_center\"><a class=\"w-btn us-btn-style_1\" href=\"\/kontakt\"><span class=\"w-btn-label\">Kontaktiere uns<\/span><\/a><\/div><\/div><\/div><\/div><\/div><\/div><\/div><\/div><\/div><\/div><\/section>\n","protected":false},"excerpt":{"rendered":"Rechtliche Richtung der Verwaltungsverfahren Verwaltungsrecht Mehr als zehn Jahre Berufserfahrung in der Durchf\u00fchrung von Verwaltungsverfahren aller Art garantieren die rechtliche Beratung, die Prado Legal Ihnen in allen Arten von Verfahren vor der \u00f6ffentlichen Verwaltung bieten kann. KontaktVon der Entstehung der Verwaltungsakte bis zu ihrer L\u00f6sung ist es notwendig, den Fall genau zu \u00fcberpr\u00fcfen, um sicherzustellen,...","protected":false},"author":2,"featured_media":0,"parent":0,"menu_order":0,"comment_status":"closed","ping_status":"closed","template":"","meta":{"footnotes":""},"class_list":["post-3822","page","type-page","status-publish","hentry"],"yoast_head":"<!-- This site is optimized with the Yoast SEO plugin v23.6 - https:\/\/yoast.com\/wordpress\/plugins\/seo\/ -->\n<title>VERWALTUNGSRECHT | PRADO LEGAL<\/title>\n<meta name=\"robots\" content=\"index, follow, max-snippet:-1, max-image-preview:large, max-video-preview:-1\" \/>\n<link rel=\"canonical\" href=\"https:\/\/prado.legal\/de\/verwaltungsrecht\/\" \/>\n<meta property=\"og:locale\" content=\"de_DE\" \/>\n<meta property=\"og:type\" content=\"article\" \/>\n<meta property=\"og:title\" content=\"VERWALTUNGSRECHT | PRADO LEGAL\" \/>\n<meta property=\"og:url\" content=\"https:\/\/prado.legal\/de\/verwaltungsrecht\/\" \/>\n<meta property=\"og:site_name\" content=\"PRADO LEGAL\" \/>\n<meta name=\"twitter:card\" content=\"summary_large_image\" \/>\n<meta name=\"twitter:label1\" content=\"Gesch\u00e4tzte Lesezeit\" \/>\n\t<meta name=\"twitter:data1\" content=\"1\u00a0Minute\" \/>\n<script type=\"application\/ld+json\" class=\"yoast-schema-graph\">{\"@context\":\"https:\/\/schema.org\",\"@graph\":[{\"@type\":\"WebPage\",\"@id\":\"https:\/\/prado.legal\/de\/verwaltungsrecht\/\",\"url\":\"https:\/\/prado.legal\/de\/verwaltungsrecht\/\",\"name\":\"VERWALTUNGSRECHT | PRADO LEGAL\",\"isPartOf\":{\"@id\":\"https:\/\/prado.legal\/#website\"},\"datePublished\":\"2021-03-08T15:15:24+00:00\",\"dateModified\":\"2021-03-08T15:15:24+00:00\",\"breadcrumb\":{\"@id\":\"https:\/\/prado.legal\/de\/verwaltungsrecht\/#breadcrumb\"},\"inLanguage\":\"de\",\"potentialAction\":[{\"@type\":\"ReadAction\",\"target\":[\"https:\/\/prado.legal\/de\/verwaltungsrecht\/\"]}]},{\"@type\":\"BreadcrumbList\",\"@id\":\"https:\/\/prado.legal\/de\/verwaltungsrecht\/#breadcrumb\",\"itemListElement\":[{\"@type\":\"ListItem\",\"position\":1,\"name\":\"Portada\",\"item\":\"https:\/\/prado.legal\/de\/\"},{\"@type\":\"ListItem\",\"position\":2,\"name\":\"VERWALTUNGSRECHT\"}]},{\"@type\":\"WebSite\",\"@id\":\"https:\/\/prado.legal\/#website\",\"url\":\"https:\/\/prado.legal\/\",\"name\":\"PRADO LEGAL\",\"description\":\"Abogados y asesores\",\"publisher\":{\"@id\":\"https:\/\/prado.legal\/#organization\"},\"potentialAction\":[{\"@type\":\"SearchAction\",\"target\":{\"@type\":\"EntryPoint\",\"urlTemplate\":\"https:\/\/prado.legal\/?s={search_term_string}\"},\"query-input\":{\"@type\":\"PropertyValueSpecification\",\"valueRequired\":true,\"valueName\":\"search_term_string\"}}],\"inLanguage\":\"de\"},{\"@type\":\"Organization\",\"@id\":\"https:\/\/prado.legal\/#organization\",\"name\":\"Prado Legal\",\"url\":\"https:\/\/prado.legal\/\",\"logo\":{\"@type\":\"ImageObject\",\"inLanguage\":\"de\",\"@id\":\"https:\/\/prado.legal\/#\/schema\/logo\/image\/\",\"url\":\"https:\/\/prado.legal\/wp-content\/uploads\/2020\/10\/recursosgraficos-03.png\",\"contentUrl\":\"https:\/\/prado.legal\/wp-content\/uploads\/2020\/10\/recursosgraficos-03.png\",\"width\":536,\"height\":77,\"caption\":\"Prado Legal\"},\"image\":{\"@id\":\"https:\/\/prado.legal\/#\/schema\/logo\/image\/\"},\"sameAs\":[\"https:\/\/www.linkedin.com\/company\/prado-legal\/\"]}]}<\/script>\n<!-- \/ Yoast SEO plugin. -->","yoast_head_json":{"title":"VERWALTUNGSRECHT | PRADO LEGAL","robots":{"index":"index","follow":"follow","max-snippet":"max-snippet:-1","max-image-preview":"max-image-preview:large","max-video-preview":"max-video-preview:-1"},"canonical":"https:\/\/prado.legal\/de\/verwaltungsrecht\/","og_locale":"de_DE","og_type":"article","og_title":"VERWALTUNGSRECHT | PRADO LEGAL","og_url":"https:\/\/prado.legal\/de\/verwaltungsrecht\/","og_site_name":"PRADO LEGAL","twitter_card":"summary_large_image","twitter_misc":{"Gesch\u00e4tzte Lesezeit":"1\u00a0Minute"},"schema":{"@context":"https:\/\/schema.org","@graph":[{"@type":"WebPage","@id":"https:\/\/prado.legal\/de\/verwaltungsrecht\/","url":"https:\/\/prado.legal\/de\/verwaltungsrecht\/","name":"VERWALTUNGSRECHT | PRADO LEGAL","isPartOf":{"@id":"https:\/\/prado.legal\/#website"},"datePublished":"2021-03-08T15:15:24+00:00","dateModified":"2021-03-08T15:15:24+00:00","breadcrumb":{"@id":"https:\/\/prado.legal\/de\/verwaltungsrecht\/#breadcrumb"},"inLanguage":"de","potentialAction":[{"@type":"ReadAction","target":["https:\/\/prado.legal\/de\/verwaltungsrecht\/"]}]},{"@type":"BreadcrumbList","@id":"https:\/\/prado.legal\/de\/verwaltungsrecht\/#breadcrumb","itemListElement":[{"@type":"ListItem","position":1,"name":"Portada","item":"https:\/\/prado.legal\/de\/"},{"@type":"ListItem","position":2,"name":"VERWALTUNGSRECHT"}]},{"@type":"WebSite","@id":"https:\/\/prado.legal\/#website","url":"https:\/\/prado.legal\/","name":"PRADO LEGAL","description":"Abogados y asesores","publisher":{"@id":"https:\/\/prado.legal\/#organization"},"potentialAction":[{"@type":"SearchAction","target":{"@type":"EntryPoint","urlTemplate":"https:\/\/prado.legal\/?s={search_term_string}"},"query-input":{"@type":"PropertyValueSpecification","valueRequired":true,"valueName":"search_term_string"}}],"inLanguage":"de"},{"@type":"Organization","@id":"https:\/\/prado.legal\/#organization","name":"Prado Legal","url":"https:\/\/prado.legal\/","logo":{"@type":"ImageObject","inLanguage":"de","@id":"https:\/\/prado.legal\/#\/schema\/logo\/image\/","url":"https:\/\/prado.legal\/wp-content\/uploads\/2020\/10\/recursosgraficos-03.png","contentUrl":"https:\/\/prado.legal\/wp-content\/uploads\/2020\/10\/recursosgraficos-03.png","width":536,"height":77,"caption":"Prado Legal"},"image":{"@id":"https:\/\/prado.legal\/#\/schema\/logo\/image\/"},"sameAs":["https:\/\/www.linkedin.com\/company\/prado-legal\/"]}]}},"_links":{"self":[{"href":"https:\/\/prado.legal\/de\/wp-json\/wp\/v2\/pages\/3822"}],"collection":[{"href":"https:\/\/prado.legal\/de\/wp-json\/wp\/v2\/pages"}],"about":[{"href":"https:\/\/prado.legal\/de\/wp-json\/wp\/v2\/types\/page"}],"author":[{"embeddable":true,"href":"https:\/\/prado.legal\/de\/wp-json\/wp\/v2\/users\/2"}],"replies":[{"embeddable":true,"href":"https:\/\/prado.legal\/de\/wp-json\/wp\/v2\/comments?post=3822"}],"version-history":[{"count":1,"href":"https:\/\/prado.legal\/de\/wp-json\/wp\/v2\/pages\/3822\/revisions"}],"predecessor-version":[{"id":3823,"href":"https:\/\/prado.legal\/de\/wp-json\/wp\/v2\/pages\/3822\/revisions\/3823"}],"wp:attachment":[{"href":"https:\/\/prado.legal\/de\/wp-json\/wp\/v2\/media?parent=3822"}],"curies":[{"name":"wp","href":"https:\/\/api.w.org\/{rel}","templated":true}]}}