{"id":3826,"date":"2021-03-08T15:21:58","date_gmt":"2021-03-08T15:21:58","guid":{"rendered":"https:\/\/prado.legal\/?page_id=3826"},"modified":"2021-03-08T15:21:58","modified_gmt":"2021-03-08T15:21:58","slug":"strafrecht","status":"publish","type":"page","link":"https:\/\/prado.legal\/de\/strafrecht\/","title":{"rendered":"STRAFRECHT"},"content":{"rendered":"<section class=\"l-section wpb_row height_medium\"><div class=\"l-section-h i-cf\"><div class=\"g-cols vc_row via_flex valign_top type_default stacking_default\"><div class=\"vc_col-sm-6 wpb_column vc_column_container\"><div class=\"vc_column-inner\"><div class=\"wpb_wrapper\"><div class=\"g-cols wpb_row us_custom_3f72371e via_flex valign_top type_default stacking_default\"><div class=\"vc_col-sm-12 wpb_column vc_column_container\"><div class=\"vc_column-inner\"><div class=\"wpb_wrapper\"><div class=\"wpb_text_column us_custom_abf39395 has_text_color\"><div class=\"wpb_wrapper\"><h4>die beste Verteidigung<\/h4>\n<\/div><\/div><div class=\"w-separator size_small\"><\/div><div class=\"wpb_text_column us_custom_159d132a has_text_color\"><div class=\"wpb_wrapper\"><h2><strong>Gerichte<\/strong><\/h2>\n<\/div><\/div><\/div><\/div><\/div><\/div><div class=\"w-separator size_small\"><\/div><div class=\"wpb_text_column\"><div class=\"wpb_wrapper\"><p>In den heikelsten Momenten k\u00f6nnen wir Sie beraten, wie Sie die beste Verteidigung vor Gericht in jeder Art von Prozess artikulieren. Ob es sich um F\u00e4lschungen, Eigentums-, Drogen- oder Straftaten gegen die \u00f6ffentliche Gesundheit oder jede andere Art von Verbrechen oder Vergehen handelt.<\/p>\n<\/div><\/div><div class=\"w-separator size_small\"><\/div><div class=\"w-btn-wrapper align_none\"><a class=\"w-btn us-btn-style_1\" href=\"\/contacto\"><span class=\"w-btn-label\">Contacto<\/span><\/a><\/div><\/div><\/div><\/div><div class=\"vc_col-sm-6 wpb_column vc_column_container\"><div class=\"vc_column-inner\"><div class=\"wpb_wrapper\"><div class=\"w-image align_none\"><div class=\"w-image-h\"><img loading=\"lazy\" decoding=\"async\" width=\"1024\" height=\"990\" src=\"https:\/\/prado.legal\/wp-content\/uploads\/2021\/01\/web_markus-spiske-5ofD_71Qano-unsplash-1024x990.jpg\" class=\"attachment-large size-large\" alt=\"\" srcset=\"https:\/\/prado.legal\/wp-content\/uploads\/2021\/01\/web_markus-spiske-5ofD_71Qano-unsplash-1024x990.jpg 1024w, https:\/\/prado.legal\/wp-content\/uploads\/2021\/01\/web_markus-spiske-5ofD_71Qano-unsplash-300x290.jpg 300w, https:\/\/prado.legal\/wp-content\/uploads\/2021\/01\/web_markus-spiske-5ofD_71Qano-unsplash-768x742.jpg 768w, https:\/\/prado.legal\/wp-content\/uploads\/2021\/01\/web_markus-spiske-5ofD_71Qano-unsplash-100x97.jpg 100w, https:\/\/prado.legal\/wp-content\/uploads\/2021\/01\/web_markus-spiske-5ofD_71Qano-unsplash.jpg 1080w\" sizes=\"(max-width: 1024px) 100vw, 1024px\" \/><\/div><\/div><\/div><\/div><\/div><div class=\"vc_col-sm-12 wpb_column vc_column_container\"><div class=\"vc_column-inner\"><div class=\"wpb_wrapper\"><div class=\"w-separator size_medium\"><\/div><div class=\"wpb_text_column\"><div class=\"wpb_wrapper\"><blockquote>\n<p>Ob Sie sich gegen einen Vorwurf wehren oder eine Strafanzeige erstatten wollen, wir verteidigen Sie professionell nach bestem Wissen und Gewissen.<\/p>\n<\/blockquote>\n<\/div><\/div><\/div><\/div><\/div><\/div><\/div><\/section><section class=\"l-section wpb_row us_custom_b03640aa height_medium\"><div class=\"l-section-h i-cf\"><div class=\"g-cols vc_row via_flex valign_top type_default stacking_default\"><div class=\"vc_col-sm-12 wpb_column vc_column_container\"><div class=\"vc_column-inner\"><div class=\"wpb_wrapper\"><div class=\"g-cols wpb_row us_custom_ce73e067 via_flex valign_top type_default stacking_default\"><div class=\"vc_col-sm-12 wpb_column vc_column_container\"><div class=\"vc_column-inner\"><div class=\"wpb_wrapper\"><div class=\"w-iconbox iconpos_top style_default color_primary align_center no_text\"><div class=\"w-iconbox-icon\" style=\"font-size:2rem;\"><i class=\"far fa-envelope\"><\/i><\/div><div class=\"w-iconbox-meta\"><h4 class=\"w-iconbox-title\">Ben\u00f6tigen Sie unsere Dienstleistungen?<\/h4><\/div><\/div><div class=\"w-btn-wrapper align_center\"><a class=\"w-btn us-btn-style_1\" href=\"\/kontakt\"><span class=\"w-btn-label\">Kontaktiere uns<\/span><\/a><\/div><\/div><\/div><\/div><\/div><\/div><\/div><\/div><\/div><\/div><\/section>\n","protected":false},"excerpt":{"rendered":"die beste Verteidigung Gerichte In den heikelsten Momenten k\u00f6nnen wir Sie beraten, wie Sie die beste Verteidigung vor Gericht in jeder Art von Prozess artikulieren. Ob es sich um F\u00e4lschungen, Eigentums-, Drogen- oder Straftaten gegen die \u00f6ffentliche Gesundheit oder jede andere Art von Verbrechen oder Vergehen handelt. ContactoOb Sie sich gegen einen Vorwurf wehren oder...","protected":false},"author":2,"featured_media":0,"parent":0,"menu_order":0,"comment_status":"closed","ping_status":"closed","template":"","meta":{"footnotes":""},"class_list":["post-3826","page","type-page","status-publish","hentry"],"yoast_head":"<!-- This site is optimized with the Yoast SEO plugin v23.6 - https:\/\/yoast.com\/wordpress\/plugins\/seo\/ -->\n<title>STRAFRECHT | PRADO LEGAL<\/title>\n<meta name=\"robots\" content=\"index, follow, max-snippet:-1, max-image-preview:large, max-video-preview:-1\" \/>\n<link rel=\"canonical\" href=\"https:\/\/prado.legal\/de\/strafrecht\/\" \/>\n<meta property=\"og:locale\" content=\"de_DE\" \/>\n<meta property=\"og:type\" content=\"article\" \/>\n<meta property=\"og:title\" content=\"STRAFRECHT | PRADO LEGAL\" \/>\n<meta property=\"og:url\" content=\"https:\/\/prado.legal\/de\/strafrecht\/\" \/>\n<meta property=\"og:site_name\" content=\"PRADO LEGAL\" \/>\n<meta name=\"twitter:card\" content=\"summary_large_image\" \/>\n<meta name=\"twitter:label1\" content=\"Gesch\u00e4tzte Lesezeit\" \/>\n\t<meta name=\"twitter:data1\" content=\"1\u00a0Minute\" \/>\n<script type=\"application\/ld+json\" class=\"yoast-schema-graph\">{\"@context\":\"https:\/\/schema.org\",\"@graph\":[{\"@type\":\"WebPage\",\"@id\":\"https:\/\/prado.legal\/de\/strafrecht\/\",\"url\":\"https:\/\/prado.legal\/de\/strafrecht\/\",\"name\":\"STRAFRECHT | PRADO LEGAL\",\"isPartOf\":{\"@id\":\"https:\/\/prado.legal\/#website\"},\"datePublished\":\"2021-03-08T15:21:58+00:00\",\"dateModified\":\"2021-03-08T15:21:58+00:00\",\"breadcrumb\":{\"@id\":\"https:\/\/prado.legal\/de\/strafrecht\/#breadcrumb\"},\"inLanguage\":\"de\",\"potentialAction\":[{\"@type\":\"ReadAction\",\"target\":[\"https:\/\/prado.legal\/de\/strafrecht\/\"]}]},{\"@type\":\"BreadcrumbList\",\"@id\":\"https:\/\/prado.legal\/de\/strafrecht\/#breadcrumb\",\"itemListElement\":[{\"@type\":\"ListItem\",\"position\":1,\"name\":\"Portada\",\"item\":\"https:\/\/prado.legal\/de\/\"},{\"@type\":\"ListItem\",\"position\":2,\"name\":\"STRAFRECHT\"}]},{\"@type\":\"WebSite\",\"@id\":\"https:\/\/prado.legal\/#website\",\"url\":\"https:\/\/prado.legal\/\",\"name\":\"PRADO LEGAL\",\"description\":\"Abogados y asesores\",\"publisher\":{\"@id\":\"https:\/\/prado.legal\/#organization\"},\"potentialAction\":[{\"@type\":\"SearchAction\",\"target\":{\"@type\":\"EntryPoint\",\"urlTemplate\":\"https:\/\/prado.legal\/?s={search_term_string}\"},\"query-input\":{\"@type\":\"PropertyValueSpecification\",\"valueRequired\":true,\"valueName\":\"search_term_string\"}}],\"inLanguage\":\"de\"},{\"@type\":\"Organization\",\"@id\":\"https:\/\/prado.legal\/#organization\",\"name\":\"Prado Legal\",\"url\":\"https:\/\/prado.legal\/\",\"logo\":{\"@type\":\"ImageObject\",\"inLanguage\":\"de\",\"@id\":\"https:\/\/prado.legal\/#\/schema\/logo\/image\/\",\"url\":\"https:\/\/prado.legal\/wp-content\/uploads\/2020\/10\/recursosgraficos-03.png\",\"contentUrl\":\"https:\/\/prado.legal\/wp-content\/uploads\/2020\/10\/recursosgraficos-03.png\",\"width\":536,\"height\":77,\"caption\":\"Prado Legal\"},\"image\":{\"@id\":\"https:\/\/prado.legal\/#\/schema\/logo\/image\/\"},\"sameAs\":[\"https:\/\/www.linkedin.com\/company\/prado-legal\/\"]}]}<\/script>\n<!-- \/ Yoast SEO plugin. -->","yoast_head_json":{"title":"STRAFRECHT | PRADO LEGAL","robots":{"index":"index","follow":"follow","max-snippet":"max-snippet:-1","max-image-preview":"max-image-preview:large","max-video-preview":"max-video-preview:-1"},"canonical":"https:\/\/prado.legal\/de\/strafrecht\/","og_locale":"de_DE","og_type":"article","og_title":"STRAFRECHT | PRADO LEGAL","og_url":"https:\/\/prado.legal\/de\/strafrecht\/","og_site_name":"PRADO LEGAL","twitter_card":"summary_large_image","twitter_misc":{"Gesch\u00e4tzte Lesezeit":"1\u00a0Minute"},"schema":{"@context":"https:\/\/schema.org","@graph":[{"@type":"WebPage","@id":"https:\/\/prado.legal\/de\/strafrecht\/","url":"https:\/\/prado.legal\/de\/strafrecht\/","name":"STRAFRECHT | PRADO LEGAL","isPartOf":{"@id":"https:\/\/prado.legal\/#website"},"datePublished":"2021-03-08T15:21:58+00:00","dateModified":"2021-03-08T15:21:58+00:00","breadcrumb":{"@id":"https:\/\/prado.legal\/de\/strafrecht\/#breadcrumb"},"inLanguage":"de","potentialAction":[{"@type":"ReadAction","target":["https:\/\/prado.legal\/de\/strafrecht\/"]}]},{"@type":"BreadcrumbList","@id":"https:\/\/prado.legal\/de\/strafrecht\/#breadcrumb","itemListElement":[{"@type":"ListItem","position":1,"name":"Portada","item":"https:\/\/prado.legal\/de\/"},{"@type":"ListItem","position":2,"name":"STRAFRECHT"}]},{"@type":"WebSite","@id":"https:\/\/prado.legal\/#website","url":"https:\/\/prado.legal\/","name":"PRADO LEGAL","description":"Abogados y asesores","publisher":{"@id":"https:\/\/prado.legal\/#organization"},"potentialAction":[{"@type":"SearchAction","target":{"@type":"EntryPoint","urlTemplate":"https:\/\/prado.legal\/?s={search_term_string}"},"query-input":{"@type":"PropertyValueSpecification","valueRequired":true,"valueName":"search_term_string"}}],"inLanguage":"de"},{"@type":"Organization","@id":"https:\/\/prado.legal\/#organization","name":"Prado Legal","url":"https:\/\/prado.legal\/","logo":{"@type":"ImageObject","inLanguage":"de","@id":"https:\/\/prado.legal\/#\/schema\/logo\/image\/","url":"https:\/\/prado.legal\/wp-content\/uploads\/2020\/10\/recursosgraficos-03.png","contentUrl":"https:\/\/prado.legal\/wp-content\/uploads\/2020\/10\/recursosgraficos-03.png","width":536,"height":77,"caption":"Prado Legal"},"image":{"@id":"https:\/\/prado.legal\/#\/schema\/logo\/image\/"},"sameAs":["https:\/\/www.linkedin.com\/company\/prado-legal\/"]}]}},"_links":{"self":[{"href":"https:\/\/prado.legal\/de\/wp-json\/wp\/v2\/pages\/3826"}],"collection":[{"href":"https:\/\/prado.legal\/de\/wp-json\/wp\/v2\/pages"}],"about":[{"href":"https:\/\/prado.legal\/de\/wp-json\/wp\/v2\/types\/page"}],"author":[{"embeddable":true,"href":"https:\/\/prado.legal\/de\/wp-json\/wp\/v2\/users\/2"}],"replies":[{"embeddable":true,"href":"https:\/\/prado.legal\/de\/wp-json\/wp\/v2\/comments?post=3826"}],"version-history":[{"count":1,"href":"https:\/\/prado.legal\/de\/wp-json\/wp\/v2\/pages\/3826\/revisions"}],"predecessor-version":[{"id":3827,"href":"https:\/\/prado.legal\/de\/wp-json\/wp\/v2\/pages\/3826\/revisions\/3827"}],"wp:attachment":[{"href":"https:\/\/prado.legal\/de\/wp-json\/wp\/v2\/media?parent=3826"}],"curies":[{"name":"wp","href":"https:\/\/api.w.org\/{rel}","templated":true}]}}