{"id":3830,"date":"2021-03-08T15:28:54","date_gmt":"2021-03-08T15:28:54","guid":{"rendered":"https:\/\/prado.legal\/?page_id=3830"},"modified":"2021-03-08T15:28:54","modified_gmt":"2021-03-08T15:28:54","slug":"zivilrecht","status":"publish","type":"page","link":"https:\/\/prado.legal\/de\/zivilrecht\/","title":{"rendered":"ZIVILRECHT"},"content":{"rendered":"<section class=\"l-section wpb_row height_medium\"><div class=\"l-section-h i-cf\"><div class=\"g-cols vc_row via_flex valign_top type_default stacking_default\"><div class=\"vc_col-sm-6 wpb_column vc_column_container\"><div class=\"vc_column-inner\"><div class=\"wpb_wrapper\"><div class=\"g-cols wpb_row us_custom_3f72371e via_flex valign_top type_default stacking_default\"><div class=\"vc_col-sm-12 wpb_column vc_column_container\"><div class=\"vc_column-inner\"><div class=\"wpb_wrapper\"><div class=\"wpb_text_column us_custom_abf39395 has_text_color\"><div class=\"wpb_wrapper\"><h4>Wir sind Experten<\/h4>\n<\/div><\/div><div class=\"w-separator size_small\"><\/div><div class=\"wpb_text_column us_custom_159d132a has_text_color\"><div class=\"wpb_wrapper\"><h2><strong>Zivilrecht<\/strong><\/h2>\n<\/div><\/div><\/div><\/div><\/div><\/div><div class=\"w-separator size_small\"><\/div><div class=\"wpb_text_column\"><div class=\"wpb_wrapper\"><p>Als Experten im Zivilrecht beraten wir bei vertraglichen und au\u00dfervertraglichen Anspr\u00fcchen.<\/p>\n<p>Von der Abfassung komplexer Vertr\u00e4ge bis zur Beratung bei daraus entstehenden Streitigkeiten. Ebenso haben wir bei Prado Legal eine globale Sicht auf das Recht und sind Experten im Prozessrecht, das in allen Gerichtsbarkeiten anwendbar ist.<\/p>\n<\/div><\/div><div class=\"w-separator size_small\"><\/div><div class=\"w-btn-wrapper align_none\"><a class=\"w-btn us-btn-style_1\" href=\"\/de\/kontakt\"><span class=\"w-btn-label\">Kontakt<\/span><\/a><\/div><\/div><\/div><\/div><div class=\"vc_col-sm-6 wpb_column vc_column_container\"><div class=\"vc_column-inner\"><div class=\"wpb_wrapper\"><div class=\"w-image align_none\"><div class=\"w-image-h\"><img loading=\"lazy\" decoding=\"async\" width=\"1024\" height=\"964\" src=\"https:\/\/prado.legal\/wp-content\/uploads\/2021\/01\/web_pexels-sora-shimazaki-5668765-1024x964.jpg\" class=\"attachment-large size-large\" alt=\"\" srcset=\"https:\/\/prado.legal\/wp-content\/uploads\/2021\/01\/web_pexels-sora-shimazaki-5668765-1024x964.jpg 1024w, https:\/\/prado.legal\/wp-content\/uploads\/2021\/01\/web_pexels-sora-shimazaki-5668765-300x283.jpg 300w, https:\/\/prado.legal\/wp-content\/uploads\/2021\/01\/web_pexels-sora-shimazaki-5668765-768x723.jpg 768w, https:\/\/prado.legal\/wp-content\/uploads\/2021\/01\/web_pexels-sora-shimazaki-5668765-100x94.jpg 100w, https:\/\/prado.legal\/wp-content\/uploads\/2021\/01\/web_pexels-sora-shimazaki-5668765.jpg 1080w\" sizes=\"(max-width: 1024px) 100vw, 1024px\" \/><\/div><\/div><\/div><\/div><\/div><div class=\"vc_col-sm-12 wpb_column vc_column_container\"><div class=\"vc_column-inner\"><div class=\"wpb_wrapper\"><div class=\"w-separator size_medium\"><\/div><div class=\"wpb_text_column\"><div class=\"wpb_wrapper\"><p>Als Folge davon kennen wir im Detail die Besonderheiten verschiedener zivilrechtlicher Verfahren wie Zwangsr\u00e4umungen, Erbschaften, Anspr\u00fcche aus Bankprodukten und alle Arten von Zivilprozessen, einschlie\u00dflich der Rechtsverteidigung bis hin zur Vollstreckung.<\/p>\n<p>Wir beraten Sie bestm\u00f6glich bei der Abfassung von Testamenten, Verm\u00e4chtnissen sowie in Erbschaftsangelegenheiten, die eine gerichtliche Aufteilung des Nachlasses erfordern.<\/p>\n<\/div><\/div><div class=\"w-separator size_medium\"><\/div><div class=\"w-image align_none\"><div class=\"w-image-h\"><img loading=\"lazy\" decoding=\"async\" width=\"1024\" height=\"429\" src=\"https:\/\/prado.legal\/wp-content\/uploads\/2021\/01\/web_bethany-legg-75nbwHfDsnY-unsplash-1024x429.jpg\" class=\"attachment-large size-large\" alt=\"\" srcset=\"https:\/\/prado.legal\/wp-content\/uploads\/2021\/01\/web_bethany-legg-75nbwHfDsnY-unsplash-1024x429.jpg 1024w, https:\/\/prado.legal\/wp-content\/uploads\/2021\/01\/web_bethany-legg-75nbwHfDsnY-unsplash-300x126.jpg 300w, https:\/\/prado.legal\/wp-content\/uploads\/2021\/01\/web_bethany-legg-75nbwHfDsnY-unsplash-768x321.jpg 768w, https:\/\/prado.legal\/wp-content\/uploads\/2021\/01\/web_bethany-legg-75nbwHfDsnY-unsplash-100x42.jpg 100w, https:\/\/prado.legal\/wp-content\/uploads\/2021\/01\/web_bethany-legg-75nbwHfDsnY-unsplash.jpg 1080w\" sizes=\"(max-width: 1024px) 100vw, 1024px\" \/><\/div><\/div><div class=\"w-separator size_medium\"><\/div><div class=\"wpb_text_column\"><div class=\"wpb_wrapper\"><p>Jeder einzelne Zweig des Zivilrechts erfordert ein hohes Ma\u00df an spezifischem Wissen \u00fcber die Materie und das zu befolgende Verfahren. Daher sollten Sie nicht z\u00f6gern, auf Zivilrecht spezialisierte Anw\u00e4lte wie das professionelle Team von Prado Legal zu w\u00e4hlen.<\/p>\n<\/div><\/div><\/div><\/div><\/div><\/div><\/div><\/section><section class=\"l-section wpb_row us_custom_b03640aa height_medium\"><div class=\"l-section-h i-cf\"><div class=\"g-cols vc_row via_flex valign_top type_default stacking_default\"><div class=\"vc_col-sm-12 wpb_column vc_column_container\"><div class=\"vc_column-inner\"><div class=\"wpb_wrapper\"><div class=\"g-cols wpb_row us_custom_ce73e067 via_flex valign_top type_default stacking_default\"><div class=\"vc_col-sm-12 wpb_column vc_column_container\"><div class=\"vc_column-inner\"><div class=\"wpb_wrapper\"><div class=\"w-iconbox iconpos_top style_default color_primary align_center no_text\"><div class=\"w-iconbox-icon\" style=\"font-size:2rem;\"><i class=\"far fa-envelope\"><\/i><\/div><div class=\"w-iconbox-meta\"><h4 class=\"w-iconbox-title\">Ben\u00f6tigen Sie unsere Dienstleistungen?<\/h4><\/div><\/div><div class=\"w-btn-wrapper align_center\"><a class=\"w-btn us-btn-style_1\" href=\"\/kontakt\"><span class=\"w-btn-label\">Kontaktiere uns<\/span><\/a><\/div><\/div><\/div><\/div><\/div><\/div><\/div><\/div><\/div><\/div><\/section>\n","protected":false},"excerpt":{"rendered":"Wir sind Experten Zivilrecht Als Experten im Zivilrecht beraten wir bei vertraglichen und au\u00dfervertraglichen Anspr\u00fcchen. Von der Abfassung komplexer Vertr\u00e4ge bis zur Beratung bei daraus entstehenden Streitigkeiten. Ebenso haben wir bei Prado Legal eine globale Sicht auf das Recht und sind Experten im Prozessrecht, das in allen Gerichtsbarkeiten anwendbar ist. KontaktAls Folge davon kennen wir...","protected":false},"author":2,"featured_media":0,"parent":0,"menu_order":0,"comment_status":"closed","ping_status":"closed","template":"","meta":{"footnotes":""},"class_list":["post-3830","page","type-page","status-publish","hentry"],"yoast_head":"<!-- This site is optimized with the Yoast SEO plugin v23.6 - https:\/\/yoast.com\/wordpress\/plugins\/seo\/ -->\n<title>ZIVILRECHT | PRADO LEGAL<\/title>\n<meta name=\"robots\" content=\"index, follow, max-snippet:-1, max-image-preview:large, max-video-preview:-1\" \/>\n<link rel=\"canonical\" href=\"https:\/\/prado.legal\/de\/zivilrecht\/\" \/>\n<meta property=\"og:locale\" content=\"de_DE\" \/>\n<meta property=\"og:type\" content=\"article\" \/>\n<meta property=\"og:title\" content=\"ZIVILRECHT | PRADO LEGAL\" \/>\n<meta property=\"og:url\" content=\"https:\/\/prado.legal\/de\/zivilrecht\/\" \/>\n<meta property=\"og:site_name\" content=\"PRADO LEGAL\" \/>\n<meta name=\"twitter:card\" content=\"summary_large_image\" \/>\n<meta name=\"twitter:label1\" content=\"Gesch\u00e4tzte Lesezeit\" \/>\n\t<meta name=\"twitter:data1\" content=\"1\u00a0Minute\" \/>\n<script type=\"application\/ld+json\" class=\"yoast-schema-graph\">{\"@context\":\"https:\/\/schema.org\",\"@graph\":[{\"@type\":\"WebPage\",\"@id\":\"https:\/\/prado.legal\/de\/zivilrecht\/\",\"url\":\"https:\/\/prado.legal\/de\/zivilrecht\/\",\"name\":\"ZIVILRECHT | PRADO LEGAL\",\"isPartOf\":{\"@id\":\"https:\/\/prado.legal\/#website\"},\"datePublished\":\"2021-03-08T15:28:54+00:00\",\"dateModified\":\"2021-03-08T15:28:54+00:00\",\"breadcrumb\":{\"@id\":\"https:\/\/prado.legal\/de\/zivilrecht\/#breadcrumb\"},\"inLanguage\":\"de\",\"potentialAction\":[{\"@type\":\"ReadAction\",\"target\":[\"https:\/\/prado.legal\/de\/zivilrecht\/\"]}]},{\"@type\":\"BreadcrumbList\",\"@id\":\"https:\/\/prado.legal\/de\/zivilrecht\/#breadcrumb\",\"itemListElement\":[{\"@type\":\"ListItem\",\"position\":1,\"name\":\"Portada\",\"item\":\"https:\/\/prado.legal\/de\/\"},{\"@type\":\"ListItem\",\"position\":2,\"name\":\"ZIVILRECHT\"}]},{\"@type\":\"WebSite\",\"@id\":\"https:\/\/prado.legal\/#website\",\"url\":\"https:\/\/prado.legal\/\",\"name\":\"PRADO LEGAL\",\"description\":\"Abogados y asesores\",\"publisher\":{\"@id\":\"https:\/\/prado.legal\/#organization\"},\"potentialAction\":[{\"@type\":\"SearchAction\",\"target\":{\"@type\":\"EntryPoint\",\"urlTemplate\":\"https:\/\/prado.legal\/?s={search_term_string}\"},\"query-input\":{\"@type\":\"PropertyValueSpecification\",\"valueRequired\":true,\"valueName\":\"search_term_string\"}}],\"inLanguage\":\"de\"},{\"@type\":\"Organization\",\"@id\":\"https:\/\/prado.legal\/#organization\",\"name\":\"Prado Legal\",\"url\":\"https:\/\/prado.legal\/\",\"logo\":{\"@type\":\"ImageObject\",\"inLanguage\":\"de\",\"@id\":\"https:\/\/prado.legal\/#\/schema\/logo\/image\/\",\"url\":\"https:\/\/prado.legal\/wp-content\/uploads\/2020\/10\/recursosgraficos-03.png\",\"contentUrl\":\"https:\/\/prado.legal\/wp-content\/uploads\/2020\/10\/recursosgraficos-03.png\",\"width\":536,\"height\":77,\"caption\":\"Prado Legal\"},\"image\":{\"@id\":\"https:\/\/prado.legal\/#\/schema\/logo\/image\/\"},\"sameAs\":[\"https:\/\/www.linkedin.com\/company\/prado-legal\/\"]}]}<\/script>\n<!-- \/ Yoast SEO plugin. -->","yoast_head_json":{"title":"ZIVILRECHT | PRADO LEGAL","robots":{"index":"index","follow":"follow","max-snippet":"max-snippet:-1","max-image-preview":"max-image-preview:large","max-video-preview":"max-video-preview:-1"},"canonical":"https:\/\/prado.legal\/de\/zivilrecht\/","og_locale":"de_DE","og_type":"article","og_title":"ZIVILRECHT | PRADO LEGAL","og_url":"https:\/\/prado.legal\/de\/zivilrecht\/","og_site_name":"PRADO LEGAL","twitter_card":"summary_large_image","twitter_misc":{"Gesch\u00e4tzte Lesezeit":"1\u00a0Minute"},"schema":{"@context":"https:\/\/schema.org","@graph":[{"@type":"WebPage","@id":"https:\/\/prado.legal\/de\/zivilrecht\/","url":"https:\/\/prado.legal\/de\/zivilrecht\/","name":"ZIVILRECHT | PRADO LEGAL","isPartOf":{"@id":"https:\/\/prado.legal\/#website"},"datePublished":"2021-03-08T15:28:54+00:00","dateModified":"2021-03-08T15:28:54+00:00","breadcrumb":{"@id":"https:\/\/prado.legal\/de\/zivilrecht\/#breadcrumb"},"inLanguage":"de","potentialAction":[{"@type":"ReadAction","target":["https:\/\/prado.legal\/de\/zivilrecht\/"]}]},{"@type":"BreadcrumbList","@id":"https:\/\/prado.legal\/de\/zivilrecht\/#breadcrumb","itemListElement":[{"@type":"ListItem","position":1,"name":"Portada","item":"https:\/\/prado.legal\/de\/"},{"@type":"ListItem","position":2,"name":"ZIVILRECHT"}]},{"@type":"WebSite","@id":"https:\/\/prado.legal\/#website","url":"https:\/\/prado.legal\/","name":"PRADO LEGAL","description":"Abogados y asesores","publisher":{"@id":"https:\/\/prado.legal\/#organization"},"potentialAction":[{"@type":"SearchAction","target":{"@type":"EntryPoint","urlTemplate":"https:\/\/prado.legal\/?s={search_term_string}"},"query-input":{"@type":"PropertyValueSpecification","valueRequired":true,"valueName":"search_term_string"}}],"inLanguage":"de"},{"@type":"Organization","@id":"https:\/\/prado.legal\/#organization","name":"Prado Legal","url":"https:\/\/prado.legal\/","logo":{"@type":"ImageObject","inLanguage":"de","@id":"https:\/\/prado.legal\/#\/schema\/logo\/image\/","url":"https:\/\/prado.legal\/wp-content\/uploads\/2020\/10\/recursosgraficos-03.png","contentUrl":"https:\/\/prado.legal\/wp-content\/uploads\/2020\/10\/recursosgraficos-03.png","width":536,"height":77,"caption":"Prado Legal"},"image":{"@id":"https:\/\/prado.legal\/#\/schema\/logo\/image\/"},"sameAs":["https:\/\/www.linkedin.com\/company\/prado-legal\/"]}]}},"_links":{"self":[{"href":"https:\/\/prado.legal\/de\/wp-json\/wp\/v2\/pages\/3830"}],"collection":[{"href":"https:\/\/prado.legal\/de\/wp-json\/wp\/v2\/pages"}],"about":[{"href":"https:\/\/prado.legal\/de\/wp-json\/wp\/v2\/types\/page"}],"author":[{"embeddable":true,"href":"https:\/\/prado.legal\/de\/wp-json\/wp\/v2\/users\/2"}],"replies":[{"embeddable":true,"href":"https:\/\/prado.legal\/de\/wp-json\/wp\/v2\/comments?post=3830"}],"version-history":[{"count":1,"href":"https:\/\/prado.legal\/de\/wp-json\/wp\/v2\/pages\/3830\/revisions"}],"predecessor-version":[{"id":3831,"href":"https:\/\/prado.legal\/de\/wp-json\/wp\/v2\/pages\/3830\/revisions\/3831"}],"wp:attachment":[{"href":"https:\/\/prado.legal\/de\/wp-json\/wp\/v2\/media?parent=3830"}],"curies":[{"name":"wp","href":"https:\/\/api.w.org\/{rel}","templated":true}]}}